{"id":683,"date":"2022-08-01T14:11:05","date_gmt":"2022-08-01T12:11:05","guid":{"rendered":"https:\/\/mkm68creation.fr\/?post_type=product&#038;p=683"},"modified":"2024-10-17T23:19:53","modified_gmt":"2024-10-17T21:19:53","slug":"parure-carre-chaine","status":"publish","type":"product","link":"https:\/\/mkm68creation.fr\/?product=parure-carre-chaine","title":{"rendered":"Parure carr\u00e9 (chaine)"},"content":{"rendered":"","protected":false},"excerpt":{"rendered":"<p>Parure carr\u00e9 en transparence feuille d&rsquo;or avec carre\u00e9 marron incrust\u00e9 mont\u00e9 sur chaine dor\u00e9e <\/p>\n<p>Fait main en r\u00e9sine \u00e9poxy<\/p>\n","protected":false},"featured_media":671,"comment_status":"open","ping_status":"closed","template":"","meta":[],"product_cat":[15],"product_tag":[],"class_list":{"0":"post-683","1":"product","2":"type-product","3":"status-publish","4":"has-post-thumbnail","6":"product_cat-uncategorized","8":"first","9":"instock","10":"shipping-taxable","11":"purchasable","12":"product-type-simple"},"jetpack_sharing_enabled":true,"_links":{"self":[{"href":"https:\/\/mkm68creation.fr\/index.php?rest_route=\/wp\/v2\/product\/683","targetHints":{"allow":["GET"]}}],"collection":[{"href":"https:\/\/mkm68creation.fr\/index.php?rest_route=\/wp\/v2\/product"}],"about":[{"href":"https:\/\/mkm68creation.fr\/index.php?rest_route=\/wp\/v2\/types\/product"}],"replies":[{"embeddable":true,"href":"https:\/\/mkm68creation.fr\/index.php?rest_route=%2Fwp%2Fv2%2Fcomments&post=683"}],"wp:featuredmedia":[{"embeddable":true,"href":"https:\/\/mkm68creation.fr\/index.php?rest_route=\/wp\/v2\/media\/671"}],"wp:attachment":[{"href":"https:\/\/mkm68creation.fr\/index.php?rest_route=%2Fwp%2Fv2%2Fmedia&parent=683"}],"wp:term":[{"taxonomy":"product_cat","embeddable":true,"href":"https:\/\/mkm68creation.fr\/index.php?rest_route=%2Fwp%2Fv2%2Fproduct_cat&post=683"},{"taxonomy":"product_tag","embeddable":true,"href":"https:\/\/mkm68creation.fr\/index.php?rest_route=%2Fwp%2Fv2%2Fproduct_tag&post=683"}],"curies":[{"name":"wp","href":"https:\/\/api.w.org\/{rel}","templated":true}]}}