{"id":528,"date":"2022-07-27T15:51:35","date_gmt":"2022-07-27T13:51:35","guid":{"rendered":"https:\/\/mkm68creation.fr\/?post_type=product&#038;p=528"},"modified":"2022-09-13T11:14:47","modified_gmt":"2022-09-13T09:14:47","slug":"porte-cles-cardio","status":"publish","type":"product","link":"https:\/\/mkm68creation.fr\/?product=porte-cles-cardio","title":{"rendered":"porte-cl\u00e9s cardio"},"content":{"rendered":"<p>Porte-cl\u00e9 avec le signe cardio<br \/>\nFais main en r\u00e9sine \u00e9poxy<\/p>\n","protected":false},"excerpt":{"rendered":"<p>Porte-cl\u00e9 avec le signe cardio Fais main en r\u00e9sine \u00e9poxy<\/p>\n","protected":false},"featured_media":534,"comment_status":"open","ping_status":"closed","template":"","meta":[],"product_cat":[45,43],"product_tag":[],"class_list":{"0":"post-528","1":"product","2":"type-product","3":"status-publish","4":"has-post-thumbnail","6":"product_cat-porte-cle-porte-cle-bijoux-de-sac","7":"product_cat-porte-cle-bijoux-de-sac-marque-page","9":"first","10":"instock","11":"shipping-taxable","12":"purchasable","13":"product-type-variable"},"jetpack_sharing_enabled":true,"_links":{"self":[{"href":"https:\/\/mkm68creation.fr\/index.php?rest_route=\/wp\/v2\/product\/528","targetHints":{"allow":["GET"]}}],"collection":[{"href":"https:\/\/mkm68creation.fr\/index.php?rest_route=\/wp\/v2\/product"}],"about":[{"href":"https:\/\/mkm68creation.fr\/index.php?rest_route=\/wp\/v2\/types\/product"}],"replies":[{"embeddable":true,"href":"https:\/\/mkm68creation.fr\/index.php?rest_route=%2Fwp%2Fv2%2Fcomments&post=528"}],"wp:featuredmedia":[{"embeddable":true,"href":"https:\/\/mkm68creation.fr\/index.php?rest_route=\/wp\/v2\/media\/534"}],"wp:attachment":[{"href":"https:\/\/mkm68creation.fr\/index.php?rest_route=%2Fwp%2Fv2%2Fmedia&parent=528"}],"wp:term":[{"taxonomy":"product_cat","embeddable":true,"href":"https:\/\/mkm68creation.fr\/index.php?rest_route=%2Fwp%2Fv2%2Fproduct_cat&post=528"},{"taxonomy":"product_tag","embeddable":true,"href":"https:\/\/mkm68creation.fr\/index.php?rest_route=%2Fwp%2Fv2%2Fproduct_tag&post=528"}],"curies":[{"name":"wp","href":"https:\/\/api.w.org\/{rel}","templated":true}]}}