{"id":247,"date":"2022-06-29T02:22:07","date_gmt":"2022-06-29T00:22:07","guid":{"rendered":"https:\/\/mkm68creation.fr\/?post_type=product&#038;p=247"},"modified":"2022-12-12T22:15:25","modified_gmt":"2022-12-12T21:15:25","slug":"support-a-bougie-lotus-2","status":"publish","type":"product","link":"https:\/\/mkm68creation.fr\/?product=support-a-bougie-lotus-2","title":{"rendered":"Support \u00e0 bougie LOTUS"},"content":{"rendered":"<p>Fait main en r\u00e9sine \u00e9poxy<br \/>\nBougie LED non fournie<\/p>\n","protected":false},"excerpt":{"rendered":"<p>Fait main en r\u00e9sine \u00e9poxy Bougie LED non fournie<\/p>\n","protected":false},"featured_media":1068,"comment_status":"open","ping_status":"closed","template":"","meta":[],"product_cat":[55,26],"product_tag":[],"class_list":{"0":"post-247","1":"product","2":"type-product","3":"status-publish","4":"has-post-thumbnail","6":"product_cat-bougeoirs-decorations","7":"product_cat-decorations","9":"first","10":"instock","11":"shipping-taxable","12":"purchasable","13":"product-type-variable"},"jetpack_sharing_enabled":true,"_links":{"self":[{"href":"https:\/\/mkm68creation.fr\/index.php?rest_route=\/wp\/v2\/product\/247","targetHints":{"allow":["GET"]}}],"collection":[{"href":"https:\/\/mkm68creation.fr\/index.php?rest_route=\/wp\/v2\/product"}],"about":[{"href":"https:\/\/mkm68creation.fr\/index.php?rest_route=\/wp\/v2\/types\/product"}],"replies":[{"embeddable":true,"href":"https:\/\/mkm68creation.fr\/index.php?rest_route=%2Fwp%2Fv2%2Fcomments&post=247"}],"wp:featuredmedia":[{"embeddable":true,"href":"https:\/\/mkm68creation.fr\/index.php?rest_route=\/wp\/v2\/media\/1068"}],"wp:attachment":[{"href":"https:\/\/mkm68creation.fr\/index.php?rest_route=%2Fwp%2Fv2%2Fmedia&parent=247"}],"wp:term":[{"taxonomy":"product_cat","embeddable":true,"href":"https:\/\/mkm68creation.fr\/index.php?rest_route=%2Fwp%2Fv2%2Fproduct_cat&post=247"},{"taxonomy":"product_tag","embeddable":true,"href":"https:\/\/mkm68creation.fr\/index.php?rest_route=%2Fwp%2Fv2%2Fproduct_tag&post=247"}],"curies":[{"name":"wp","href":"https:\/\/api.w.org\/{rel}","templated":true}]}}