{"id":2313,"date":"2025-11-12T16:54:54","date_gmt":"2025-11-12T15:54:54","guid":{"rendered":"https:\/\/mkm68creation.fr\/?product=%f0%9f%90%b1-porte-pinceaux-repose-blender-en-forme-de-chat-%f0%9f%90%be"},"modified":"2026-02-02T18:43:46","modified_gmt":"2026-02-02T17:43:46","slug":"%f0%9f%90%b1-porte-pinceaux-repose-blender-en-forme-de-chat-%f0%9f%90%be","status":"publish","type":"product","link":"https:\/\/mkm68creation.fr\/?product=%f0%9f%90%b1-porte-pinceaux-repose-blender-en-forme-de-chat-%f0%9f%90%be","title":{"rendered":"\ud83d\udc31 Porte-pinceaux &amp; repose-blender en forme de chat \ud83d\udc3e"},"content":{"rendered":"<p>Ajoutez une touche de mignonnerie et d\u2019\u00e9l\u00e9gance \u00e0 votre coin beaut\u00e9<\/p>\n<p>\u2728 R\u00e9alis\u00e9e en r\u00e9sine naturelle et peinte enti\u00e8rement \u00e0 la main, cette cr\u00e9ation est parfaite pour ranger vos pinceaux, beauty blenders ou petits accessoires.<br \/>\nChaque pi\u00e8ce est unique, avec ses petits d\u00e9tails dor\u00e9s et son design adorable !<\/p>\n<p>Chats empil\u00e9s (pot \u00e0 pinceaux) + chat couch\u00e9 (support \u00e0 \u00e9ponges)+ plateau en bois<\/p>\n<p>Id\u00e9al pour d\u00e9corer votre coiffeuse ou offrir \u00e0 une passionn\u00e9e de maquillage et de chats \ud83d\udc3e<\/p>\n<p>\ud83d\udc9d Fait main avec amour \u2013 chaque cr\u00e9ation peut l\u00e9g\u00e8rement varier, ce qui la rend encore plus sp\u00e9ciale.<\/p>\n","protected":false},"excerpt":{"rendered":"<p>Ajoutez une touche de mignonnerie et d\u2019\u00e9l\u00e9gance \u00e0 votre coin beaut\u00e9 \u2728 R\u00e9alis\u00e9e en r\u00e9sine naturelle et peinte enti\u00e8rement \u00e0 la main, cette cr\u00e9ation est parfaite pour ranger vos pinceaux, beauty blenders ou petits accessoires. Chaque pi\u00e8ce est unique, avec ses petits d\u00e9tails dor\u00e9s et son design adorable ! Chats empil\u00e9s (pot \u00e0 pinceaux) + [&hellip;]<\/p>\n","protected":false},"featured_media":2312,"comment_status":"open","ping_status":"closed","template":"","meta":[],"product_cat":[76,53],"product_tag":[],"class_list":{"0":"post-2313","1":"product","2":"type-product","3":"status-publish","4":"has-post-thumbnail","6":"product_cat-fantasique-cute","7":"product_cat-pots-accessoires","9":"first","10":"instock","11":"shipping-taxable","12":"purchasable","13":"product-type-simple"},"jetpack_sharing_enabled":true,"_links":{"self":[{"href":"https:\/\/mkm68creation.fr\/index.php?rest_route=\/wp\/v2\/product\/2313","targetHints":{"allow":["GET"]}}],"collection":[{"href":"https:\/\/mkm68creation.fr\/index.php?rest_route=\/wp\/v2\/product"}],"about":[{"href":"https:\/\/mkm68creation.fr\/index.php?rest_route=\/wp\/v2\/types\/product"}],"replies":[{"embeddable":true,"href":"https:\/\/mkm68creation.fr\/index.php?rest_route=%2Fwp%2Fv2%2Fcomments&post=2313"}],"wp:featuredmedia":[{"embeddable":true,"href":"https:\/\/mkm68creation.fr\/index.php?rest_route=\/wp\/v2\/media\/2312"}],"wp:attachment":[{"href":"https:\/\/mkm68creation.fr\/index.php?rest_route=%2Fwp%2Fv2%2Fmedia&parent=2313"}],"wp:term":[{"taxonomy":"product_cat","embeddable":true,"href":"https:\/\/mkm68creation.fr\/index.php?rest_route=%2Fwp%2Fv2%2Fproduct_cat&post=2313"},{"taxonomy":"product_tag","embeddable":true,"href":"https:\/\/mkm68creation.fr\/index.php?rest_route=%2Fwp%2Fv2%2Fproduct_tag&post=2313"}],"curies":[{"name":"wp","href":"https:\/\/api.w.org\/{rel}","templated":true}]}}