{"id":2261,"date":"2025-10-10T14:25:54","date_gmt":"2025-10-10T12:25:54","guid":{"rendered":"https:\/\/mkm68creation.fr\/?post_type=product&#038;p=2261"},"modified":"2025-10-16T20:11:27","modified_gmt":"2025-10-16T18:11:27","slug":"gobelet","status":"publish","type":"product","link":"https:\/\/mkm68creation.fr\/?product=gobelet","title":{"rendered":"gobelet"},"content":{"rendered":"<p><!--more-->Gobelet r\u00e9utilisable avec paille et brosse incluse \u2013 Motifs mignons et color\u00e9s<\/p>\n<p>Ajoutez une touche de fantaisie \u00e0 vos boissons !<br \/>\nCes gobelets transparents en plastique de qualit\u00e9 sont d\u00e9cor\u00e9s de motifs adorables (axolotl, pieuvre, h\u00e9risson, etc.) et sont parfaits pour vos boissons froides : smoothies, jus, caf\u00e9 glac\u00e9, eau aromatis\u00e9e\u2026mais aussi bubble tea, paille disponible en option suffit de retirer sur le gobelet le silicone au trou de la paille pour l adapter.<\/p>\n<p>Caract\u00e9ristiques :<\/p>\n<p>Contenance : environ 500 ml<\/p>\n<p>Mati\u00e8re : plastique transparent durable et l\u00e9ger<\/p>\n<p>R\u00e9utilisable et facile \u00e0 nettoyer<\/p>\n<p>Couvercle anti-fuite avec trou pour paille<\/p>\n<p>Paille assortie incluse<\/p>\n<p>Plusieurs mod\u00e8les disponibles selon les stocks<\/p>\n","protected":false},"excerpt":{"rendered":"","protected":false},"featured_media":2260,"comment_status":"open","ping_status":"closed","template":"","meta":[],"product_cat":[77,78],"product_tag":[],"class_list":{"0":"post-2261","1":"product","2":"type-product","3":"status-publish","4":"has-post-thumbnail","6":"product_cat-gobelet-reutilisable","7":"product_cat-sublimation-et-gobelet","9":"first","10":"instock","11":"shipping-taxable","12":"purchasable","13":"product-type-variable"},"jetpack_sharing_enabled":true,"_links":{"self":[{"href":"https:\/\/mkm68creation.fr\/index.php?rest_route=\/wp\/v2\/product\/2261","targetHints":{"allow":["GET"]}}],"collection":[{"href":"https:\/\/mkm68creation.fr\/index.php?rest_route=\/wp\/v2\/product"}],"about":[{"href":"https:\/\/mkm68creation.fr\/index.php?rest_route=\/wp\/v2\/types\/product"}],"replies":[{"embeddable":true,"href":"https:\/\/mkm68creation.fr\/index.php?rest_route=%2Fwp%2Fv2%2Fcomments&post=2261"}],"wp:featuredmedia":[{"embeddable":true,"href":"https:\/\/mkm68creation.fr\/index.php?rest_route=\/wp\/v2\/media\/2260"}],"wp:attachment":[{"href":"https:\/\/mkm68creation.fr\/index.php?rest_route=%2Fwp%2Fv2%2Fmedia&parent=2261"}],"wp:term":[{"taxonomy":"product_cat","embeddable":true,"href":"https:\/\/mkm68creation.fr\/index.php?rest_route=%2Fwp%2Fv2%2Fproduct_cat&post=2261"},{"taxonomy":"product_tag","embeddable":true,"href":"https:\/\/mkm68creation.fr\/index.php?rest_route=%2Fwp%2Fv2%2Fproduct_tag&post=2261"}],"curies":[{"name":"wp","href":"https:\/\/api.w.org\/{rel}","templated":true}]}}