{"id":2192,"date":"2025-08-15T18:53:17","date_gmt":"2025-08-15T16:53:17","guid":{"rendered":"https:\/\/mkm68creation.fr\/?post_type=product&#038;p=2192"},"modified":"2025-08-15T19:04:21","modified_gmt":"2025-08-15T17:04:21","slug":"chat-meditant-sous-fleurs-de-sakura","status":"publish","type":"product","link":"https:\/\/mkm68creation.fr\/?product=chat-meditant-sous-fleurs-de-sakura","title":{"rendered":"chat m\u00e9ditant sous fleurs de Sakura"},"content":{"rendered":"<p>\ud83c\udf38<em> Laissez-vous s\u00e9duire par cette pi\u00e8ce unique en r\u00e9sine naturelle, repr\u00e9sentant un chat zen en pleine m\u00e9ditation, d\u00e9licatement orn\u00e9 de fleurs de sakura rouges. Chaque d\u00e9tail est soigneusement travaill\u00e9 pour inspirer paix, s\u00e9r\u00e9nit\u00e9 et harmonie<\/em>.\ud83c\udf38<\/p>\n<p>Fait mains en r\u00e9sine naturelle<\/p>\n","protected":false},"excerpt":{"rendered":"<p>\ud83c\udf38 Laissez-vous s\u00e9duire par cette pi\u00e8ce unique en r\u00e9sine naturelle, repr\u00e9sentant un chat zen en pleine m\u00e9ditation, d\u00e9licatement orn\u00e9 de fleurs de sakura rouges. Chaque d\u00e9tail est soigneusement travaill\u00e9 pour inspirer paix, s\u00e9r\u00e9nit\u00e9 et harmonie.\ud83c\udf38 Fait mains en r\u00e9sine naturelle<\/p>\n","protected":false},"featured_media":2191,"comment_status":"open","ping_status":"closed","template":"","meta":[],"product_cat":[72,65],"product_tag":[],"class_list":{"0":"post-2192","1":"product","2":"type-product","3":"status-publish","4":"has-post-thumbnail","6":"product_cat-aromatherapie","7":"product_cat-resine-naturelle","9":"first","10":"instock","11":"shipping-taxable","12":"purchasable","13":"product-type-variable"},"jetpack_sharing_enabled":true,"_links":{"self":[{"href":"https:\/\/mkm68creation.fr\/index.php?rest_route=\/wp\/v2\/product\/2192","targetHints":{"allow":["GET"]}}],"collection":[{"href":"https:\/\/mkm68creation.fr\/index.php?rest_route=\/wp\/v2\/product"}],"about":[{"href":"https:\/\/mkm68creation.fr\/index.php?rest_route=\/wp\/v2\/types\/product"}],"replies":[{"embeddable":true,"href":"https:\/\/mkm68creation.fr\/index.php?rest_route=%2Fwp%2Fv2%2Fcomments&post=2192"}],"wp:featuredmedia":[{"embeddable":true,"href":"https:\/\/mkm68creation.fr\/index.php?rest_route=\/wp\/v2\/media\/2191"}],"wp:attachment":[{"href":"https:\/\/mkm68creation.fr\/index.php?rest_route=%2Fwp%2Fv2%2Fmedia&parent=2192"}],"wp:term":[{"taxonomy":"product_cat","embeddable":true,"href":"https:\/\/mkm68creation.fr\/index.php?rest_route=%2Fwp%2Fv2%2Fproduct_cat&post=2192"},{"taxonomy":"product_tag","embeddable":true,"href":"https:\/\/mkm68creation.fr\/index.php?rest_route=%2Fwp%2Fv2%2Fproduct_tag&post=2192"}],"curies":[{"name":"wp","href":"https:\/\/api.w.org\/{rel}","templated":true}]}}