{"id":2185,"date":"2025-07-10T17:00:16","date_gmt":"2025-07-10T15:00:16","guid":{"rendered":"https:\/\/mkm68creation.fr\/?product=diffuseur-a-reflux"},"modified":"2025-07-10T17:06:33","modified_gmt":"2025-07-10T15:06:33","slug":"diffuseur-a-reflux","status":"publish","type":"product","link":"https:\/\/mkm68creation.fr\/?product=diffuseur-a-reflux","title":{"rendered":"diffuseur \u00e0 reflux"},"content":{"rendered":"<p><em>Plongez dans un univers de calme et de s\u00e9r\u00e9nit\u00e9 avec notre tout nouveau diffuseur \u00e0 reflux, con\u00e7u en r\u00e9sine naturelle de qualit\u00e9 sup\u00e9rieure.<\/em><\/p>\n<p><em>\ud83c\udf00 Regardez la fum\u00e9e couler comme une cascade entre les montagnes, cr\u00e9ant une atmosph\u00e8re apaisante et mystique. Id\u00e9al pour vos s\u00e9ances de m\u00e9ditation, yoga ou simplement pour une ambiance zen \u00e0 la maison.<\/em><\/p>\n<p><em>\ud83d\udca8 Compatible avec les c\u00f4nes d&rsquo;encens \u00e0 reflux<\/em><br \/>\n<em>\ud83c\udf31 Design \u00e9l\u00e9gant inspir\u00e9 des paysages naturels<\/em><br \/>\n<em>\ud83e\uddd8\u200d\u2640\ufe0f Parfait pour la d\u00e9tente, la d\u00e9coration ou comme id\u00e9e cadeau<\/em><\/p>\n<p><em>\ud83d\udcf8 Laissez la magie op\u00e9rer \u2013 un v\u00e9ritable spectacle visuel et sensoriel !<\/em><\/p>\n","protected":false},"excerpt":{"rendered":"<p>Plongez dans un univers de calme et de s\u00e9r\u00e9nit\u00e9 avec notre tout nouveau diffuseur \u00e0 reflux, con\u00e7u en r\u00e9sine naturelle de qualit\u00e9 sup\u00e9rieure. \ud83c\udf00 Regardez la fum\u00e9e couler comme une cascade entre les montagnes, cr\u00e9ant une atmosph\u00e8re apaisante et mystique. Id\u00e9al pour vos s\u00e9ances de m\u00e9ditation, yoga ou simplement pour une ambiance zen \u00e0 la [&hellip;]<\/p>\n","protected":false},"featured_media":2184,"comment_status":"open","ping_status":"closed","template":"","meta":[],"product_cat":[72],"product_tag":[],"class_list":{"0":"post-2185","1":"product","2":"type-product","3":"status-publish","4":"has-post-thumbnail","6":"product_cat-aromatherapie","8":"first","9":"instock","10":"purchasable","11":"product-type-simple"},"jetpack_sharing_enabled":true,"_links":{"self":[{"href":"https:\/\/mkm68creation.fr\/index.php?rest_route=\/wp\/v2\/product\/2185","targetHints":{"allow":["GET"]}}],"collection":[{"href":"https:\/\/mkm68creation.fr\/index.php?rest_route=\/wp\/v2\/product"}],"about":[{"href":"https:\/\/mkm68creation.fr\/index.php?rest_route=\/wp\/v2\/types\/product"}],"replies":[{"embeddable":true,"href":"https:\/\/mkm68creation.fr\/index.php?rest_route=%2Fwp%2Fv2%2Fcomments&post=2185"}],"wp:featuredmedia":[{"embeddable":true,"href":"https:\/\/mkm68creation.fr\/index.php?rest_route=\/wp\/v2\/media\/2184"}],"wp:attachment":[{"href":"https:\/\/mkm68creation.fr\/index.php?rest_route=%2Fwp%2Fv2%2Fmedia&parent=2185"}],"wp:term":[{"taxonomy":"product_cat","embeddable":true,"href":"https:\/\/mkm68creation.fr\/index.php?rest_route=%2Fwp%2Fv2%2Fproduct_cat&post=2185"},{"taxonomy":"product_tag","embeddable":true,"href":"https:\/\/mkm68creation.fr\/index.php?rest_route=%2Fwp%2Fv2%2Fproduct_tag&post=2185"}],"curies":[{"name":"wp","href":"https:\/\/api.w.org\/{rel}","templated":true}]}}