{"id":2177,"date":"2025-06-26T15:02:59","date_gmt":"2025-06-26T13:02:59","guid":{"rendered":"https:\/\/mkm68creation.fr\/?post_type=product&#038;p=2177"},"modified":"2025-06-26T15:17:23","modified_gmt":"2025-06-26T13:17:23","slug":"plateau-tendre-poesie","status":"publish","type":"product","link":"https:\/\/mkm68creation.fr\/?product=plateau-tendre-poesie","title":{"rendered":"plateau \u00ab\u00a0tendre po\u00e9sie\u00a0\u00bb"},"content":{"rendered":"<p>Ajoutez une touche de po\u00e9sie et d&rsquo;\u00e9l\u00e9gance \u00e0 votre int\u00e9rieur \ud83d\udc90<br \/>\nChaque pi\u00e8ce est enti\u00e8rement artisanale avec son effet dentelle et florale promets de tendres instants lors d&rsquo;une pause caf\u00e9 ou m\u00eame pour y d\u00e9pos\u00e9 vos bijoux ou cl\u00e9 tous en douceur.<\/p>\n<p>Fait mains en r\u00e9sine \u00e9poxy<\/p>\n","protected":false},"excerpt":{"rendered":"[contact-form][contact-field label=\"Nom\" type=\"name\"  required=\"true\" \/][contact-field label=\"E-mail\" type=\"email\" required=\"true\" \/][contact-field label=\"Site web\" type=\"url\" \/][contact-field label=\"Message\" type=\"textarea\" \/][\/contact-form]\n","protected":false},"featured_media":2175,"comment_status":"open","ping_status":"closed","template":"","meta":[],"product_cat":[50,57],"product_tag":[],"class_list":{"0":"post-2177","1":"product","2":"type-product","3":"status-publish","4":"has-post-thumbnail","6":"product_cat-plateau","7":"product_cat-vide-poche-decorations","9":"first","10":"instock","11":"shipping-taxable","12":"purchasable","13":"product-type-variable"},"jetpack_sharing_enabled":true,"_links":{"self":[{"href":"https:\/\/mkm68creation.fr\/index.php?rest_route=\/wp\/v2\/product\/2177","targetHints":{"allow":["GET"]}}],"collection":[{"href":"https:\/\/mkm68creation.fr\/index.php?rest_route=\/wp\/v2\/product"}],"about":[{"href":"https:\/\/mkm68creation.fr\/index.php?rest_route=\/wp\/v2\/types\/product"}],"replies":[{"embeddable":true,"href":"https:\/\/mkm68creation.fr\/index.php?rest_route=%2Fwp%2Fv2%2Fcomments&post=2177"}],"wp:featuredmedia":[{"embeddable":true,"href":"https:\/\/mkm68creation.fr\/index.php?rest_route=\/wp\/v2\/media\/2175"}],"wp:attachment":[{"href":"https:\/\/mkm68creation.fr\/index.php?rest_route=%2Fwp%2Fv2%2Fmedia&parent=2177"}],"wp:term":[{"taxonomy":"product_cat","embeddable":true,"href":"https:\/\/mkm68creation.fr\/index.php?rest_route=%2Fwp%2Fv2%2Fproduct_cat&post=2177"},{"taxonomy":"product_tag","embeddable":true,"href":"https:\/\/mkm68creation.fr\/index.php?rest_route=%2Fwp%2Fv2%2Fproduct_tag&post=2177"}],"curies":[{"name":"wp","href":"https:\/\/api.w.org\/{rel}","templated":true}]}}