{"id":2147,"date":"2025-06-19T09:55:24","date_gmt":"2025-06-19T07:55:24","guid":{"rendered":"https:\/\/mkm68creation.fr\/?post_type=product&#038;p=2147"},"modified":"2025-06-19T10:04:13","modified_gmt":"2025-06-19T08:04:13","slug":"repose-couvert-eventails","status":"publish","type":"product","link":"https:\/\/mkm68creation.fr\/?product=repose-couvert-eventails","title":{"rendered":"repose couvert \u00e9ventails"},"content":{"rendered":"<p>Inspir\u00e9s de l\u2019esth\u00e9tique japonaise, ces repose-baguettes en forme d\u2019\u00e9ventail allient finesse et fonctionnalit\u00e9.<\/p>\n<p>( Par lot de 2 )<\/p>\n<p>Fait main en r\u00e9sine naturel<\/p>\n","protected":false},"excerpt":{"rendered":"<p>Inspir\u00e9s de l\u2019esth\u00e9tique japonaise, ces repose-baguettes en forme d\u2019\u00e9ventail allient finesse et fonctionnalit\u00e9. ( Par lot de 2 ) Fait main en r\u00e9sine naturel<\/p>\n","protected":false},"featured_media":2145,"comment_status":"open","ping_status":"closed","template":"","meta":[],"product_cat":[39,65],"product_tag":[],"class_list":{"0":"post-2147","1":"product","2":"type-product","3":"status-publish","4":"has-post-thumbnail","6":"product_cat-art-de-la-table","7":"product_cat-resine-naturelle","9":"first","10":"instock","11":"shipping-taxable","12":"purchasable","13":"product-type-variable"},"jetpack_sharing_enabled":true,"_links":{"self":[{"href":"https:\/\/mkm68creation.fr\/index.php?rest_route=\/wp\/v2\/product\/2147","targetHints":{"allow":["GET"]}}],"collection":[{"href":"https:\/\/mkm68creation.fr\/index.php?rest_route=\/wp\/v2\/product"}],"about":[{"href":"https:\/\/mkm68creation.fr\/index.php?rest_route=\/wp\/v2\/types\/product"}],"replies":[{"embeddable":true,"href":"https:\/\/mkm68creation.fr\/index.php?rest_route=%2Fwp%2Fv2%2Fcomments&post=2147"}],"wp:featuredmedia":[{"embeddable":true,"href":"https:\/\/mkm68creation.fr\/index.php?rest_route=\/wp\/v2\/media\/2145"}],"wp:attachment":[{"href":"https:\/\/mkm68creation.fr\/index.php?rest_route=%2Fwp%2Fv2%2Fmedia&parent=2147"}],"wp:term":[{"taxonomy":"product_cat","embeddable":true,"href":"https:\/\/mkm68creation.fr\/index.php?rest_route=%2Fwp%2Fv2%2Fproduct_cat&post=2147"},{"taxonomy":"product_tag","embeddable":true,"href":"https:\/\/mkm68creation.fr\/index.php?rest_route=%2Fwp%2Fv2%2Fproduct_tag&post=2147"}],"curies":[{"name":"wp","href":"https:\/\/api.w.org\/{rel}","templated":true}]}}