{"id":2050,"date":"2025-01-21T21:57:03","date_gmt":"2025-01-21T20:57:03","guid":{"rendered":"https:\/\/mkm68creation.fr\/?post_type=product&#038;p=2050"},"modified":"2025-02-17T15:17:33","modified_gmt":"2025-02-17T14:17:33","slug":"parures-petales-damour","status":"publish","type":"product","link":"https:\/\/mkm68creation.fr\/?product=parures-petales-damour","title":{"rendered":"parures p\u00e9tales d&rsquo;amour"},"content":{"rendered":"<p>D\u00e9couvrez ses pi\u00e8ces unique et \u00e9l\u00e9gante, parfaite pour sublimer votre style ou offrir un cadeau original.<\/p>\n<p>Parures artisanale est r\u00e9alis\u00e9e \u00e0 partir de v\u00e9ritables p\u00e9tales de roses s\u00e9ch\u00e9es, d\u00e9licatement cristallis\u00e9s \u00e0 la r\u00e9sine UV. Le pendentif et les boucles d&rsquo;oreilles sont rehauss\u00e9s de d\u00e9tails dor\u00e9s et d&rsquo;une cha\u00eene fine pour une touche de raffinement.<\/p>\n","protected":false},"excerpt":{"rendered":"<p>D\u00e9couvrez ses pi\u00e8ces unique et \u00e9l\u00e9gante, parfaite pour sublimer votre style ou offrir un cadeau original. Parures artisanale est r\u00e9alis\u00e9e \u00e0 partir de v\u00e9ritables p\u00e9tales de roses s\u00e9ch\u00e9es, d\u00e9licatement cristallis\u00e9s \u00e0 la r\u00e9sine UV. Le pendentif et les boucles d&rsquo;oreilles sont rehauss\u00e9s de d\u00e9tails dor\u00e9s et d&rsquo;une cha\u00eene fine pour une touche de raffinement.<\/p>\n","protected":false},"featured_media":2048,"comment_status":"open","ping_status":"closed","template":"","meta":[],"product_cat":[15],"product_tag":[],"class_list":{"0":"post-2050","1":"product","2":"type-product","3":"status-publish","4":"has-post-thumbnail","6":"product_cat-uncategorized","8":"first","9":"instock","10":"shipping-taxable","11":"purchasable","12":"product-type-variable"},"jetpack_sharing_enabled":true,"_links":{"self":[{"href":"https:\/\/mkm68creation.fr\/index.php?rest_route=\/wp\/v2\/product\/2050","targetHints":{"allow":["GET"]}}],"collection":[{"href":"https:\/\/mkm68creation.fr\/index.php?rest_route=\/wp\/v2\/product"}],"about":[{"href":"https:\/\/mkm68creation.fr\/index.php?rest_route=\/wp\/v2\/types\/product"}],"replies":[{"embeddable":true,"href":"https:\/\/mkm68creation.fr\/index.php?rest_route=%2Fwp%2Fv2%2Fcomments&post=2050"}],"wp:featuredmedia":[{"embeddable":true,"href":"https:\/\/mkm68creation.fr\/index.php?rest_route=\/wp\/v2\/media\/2048"}],"wp:attachment":[{"href":"https:\/\/mkm68creation.fr\/index.php?rest_route=%2Fwp%2Fv2%2Fmedia&parent=2050"}],"wp:term":[{"taxonomy":"product_cat","embeddable":true,"href":"https:\/\/mkm68creation.fr\/index.php?rest_route=%2Fwp%2Fv2%2Fproduct_cat&post=2050"},{"taxonomy":"product_tag","embeddable":true,"href":"https:\/\/mkm68creation.fr\/index.php?rest_route=%2Fwp%2Fv2%2Fproduct_tag&post=2050"}],"curies":[{"name":"wp","href":"https:\/\/api.w.org\/{rel}","templated":true}]}}