{"id":2014,"date":"2025-01-14T15:25:36","date_gmt":"2025-01-14T14:25:36","guid":{"rendered":"https:\/\/mkm68creation.fr\/?post_type=product&#038;p=2014"},"modified":"2025-09-06T20:20:57","modified_gmt":"2025-09-06T18:20:57","slug":"pivoine-diffuseur-passif","status":"publish","type":"product","link":"https:\/\/mkm68creation.fr\/?product=pivoine-diffuseur-passif","title":{"rendered":"diffuseur passif"},"content":{"rendered":"<p><span style=\"vertical-align: inherit;\"><span style=\"vertical-align: inherit;\"> diffuseur passif<\/span><\/span><\/p>\n<p>Mod\u00e8le : pivoine &#8211; rose &#8211; fleur de lotus<br \/>\n<span style=\"vertical-align: inherit;\"><span style=\"vertical-align: inherit;\">Fait main en r\u00e9sine naturelle<\/span><\/span><br \/>\n<span style=\"vertical-align: inherit;\"><span style=\"vertical-align: inherit;\">Tout ce dont vous avez besoin est <\/span><\/span><\/p>\n<p><span style=\"vertical-align: inherit;\"><span style=\"vertical-align: inherit;\">d&rsquo;ajouter environ 5 gouttes de votre huile essentielle pr\u00e9f\u00e9r\u00e9e et de la placer \u00e0 <\/span><\/span><\/p>\n<p><span style=\"vertical-align: inherit;\"><span style=\"vertical-align: inherit;\">l&rsquo;endroit de la pi\u00e8ce avec le plus de <\/span><\/span><\/p>\n<p><span style=\"vertical-align: inherit;\"><span style=\"vertical-align: inherit;\">circulation d&rsquo;air.<\/span><\/span><br \/>\n<span style=\"vertical-align: inherit;\"><span style=\"vertical-align: inherit;\">Comme les diffuseurs en <\/span><\/span><\/p>\n<p><span style=\"vertical-align: inherit;\"><span style=\"vertical-align: inherit;\">pierre ont une charge aromatique plus <\/span><\/span><\/p>\n<p><span style=\"vertical-align: inherit;\"><span style=\"vertical-align: inherit;\">l\u00e9g\u00e8re, ils sont parfaits pour les personnes <\/span><\/span><\/p>\n<p><span style=\"vertical-align: inherit;\"><span style=\"vertical-align: inherit;\">ayant des r\u00e9cepteurs sensibles ou pour <\/span><\/span><\/p>\n<p><span style=\"vertical-align: inherit;\"><span style=\"vertical-align: inherit;\">celles qui pr\u00e9f\u00e8rent l&rsquo;aromath\u00e9rapie sutil <\/span><\/span><\/p>\n<p><span style=\"vertical-align: inherit;\"><span style=\"vertical-align: inherit;\">dans leur espace.<\/span><\/span><\/p>\n","protected":false},"excerpt":{"rendered":"<blockquote><p>&nbsp;<\/p><\/blockquote>\n","protected":false},"featured_media":2013,"comment_status":"open","ping_status":"closed","template":"","meta":[],"product_cat":[72],"product_tag":[],"class_list":{"0":"post-2014","1":"product","2":"type-product","3":"status-publish","4":"has-post-thumbnail","6":"product_cat-aromatherapie","8":"first","9":"instock","10":"shipping-taxable","11":"purchasable","12":"product-type-variable"},"jetpack_sharing_enabled":true,"_links":{"self":[{"href":"https:\/\/mkm68creation.fr\/index.php?rest_route=\/wp\/v2\/product\/2014","targetHints":{"allow":["GET"]}}],"collection":[{"href":"https:\/\/mkm68creation.fr\/index.php?rest_route=\/wp\/v2\/product"}],"about":[{"href":"https:\/\/mkm68creation.fr\/index.php?rest_route=\/wp\/v2\/types\/product"}],"replies":[{"embeddable":true,"href":"https:\/\/mkm68creation.fr\/index.php?rest_route=%2Fwp%2Fv2%2Fcomments&post=2014"}],"wp:featuredmedia":[{"embeddable":true,"href":"https:\/\/mkm68creation.fr\/index.php?rest_route=\/wp\/v2\/media\/2013"}],"wp:attachment":[{"href":"https:\/\/mkm68creation.fr\/index.php?rest_route=%2Fwp%2Fv2%2Fmedia&parent=2014"}],"wp:term":[{"taxonomy":"product_cat","embeddable":true,"href":"https:\/\/mkm68creation.fr\/index.php?rest_route=%2Fwp%2Fv2%2Fproduct_cat&post=2014"},{"taxonomy":"product_tag","embeddable":true,"href":"https:\/\/mkm68creation.fr\/index.php?rest_route=%2Fwp%2Fv2%2Fproduct_tag&post=2014"}],"curies":[{"name":"wp","href":"https:\/\/api.w.org\/{rel}","templated":true}]}}