{"id":1992,"date":"2024-08-30T19:30:25","date_gmt":"2024-08-30T17:30:25","guid":{"rendered":"https:\/\/mkm68creation.fr\/?post_type=product&#038;p=1992"},"modified":"2025-01-14T16:31:33","modified_gmt":"2025-01-14T15:31:33","slug":"bruleur-a-fondants","status":"publish","type":"product","link":"https:\/\/mkm68creation.fr\/?product=bruleur-a-fondants","title":{"rendered":"Br\u00fbleur \u00e0 fondants"},"content":{"rendered":"<p>D\u00e9couvrez nos magnifiques br\u00fbleurs \u00e0 fondant en r\u00e9sine naturelle, fabriqu\u00e9s \u00e0 la main avec soin pour cr\u00e9er une ambiance apaisante dans votre int\u00e9rieur. Chaque br\u00fbleur est unique et personnalisable, parfait pour parfumer d\u00e9licatement votre maison avec vos fondants pr\u00e9f\u00e9r\u00e9s.<\/p>\n","protected":false},"excerpt":{"rendered":"<p>D\u00e9couvrez nos magnifiques br\u00fbleurs \u00e0 fondant en r\u00e9sine naturelle, fabriqu\u00e9s \u00e0 la main avec soin pour cr\u00e9er une ambiance apaisante dans votre int\u00e9rieur. Chaque br\u00fbleur est unique et personnalisable, parfait pour parfumer d\u00e9licatement votre maison avec vos fondants pr\u00e9f\u00e9r\u00e9s.<\/p>\n","protected":false},"featured_media":1991,"comment_status":"open","ping_status":"closed","template":"","meta":[],"product_cat":[72,65],"product_tag":[],"class_list":{"0":"post-1992","1":"product","2":"type-product","3":"status-publish","4":"has-post-thumbnail","6":"product_cat-aromatherapie","7":"product_cat-resine-naturelle","9":"first","10":"instock","11":"shipping-taxable","12":"purchasable","13":"product-type-variable"},"jetpack_sharing_enabled":true,"_links":{"self":[{"href":"https:\/\/mkm68creation.fr\/index.php?rest_route=\/wp\/v2\/product\/1992","targetHints":{"allow":["GET"]}}],"collection":[{"href":"https:\/\/mkm68creation.fr\/index.php?rest_route=\/wp\/v2\/product"}],"about":[{"href":"https:\/\/mkm68creation.fr\/index.php?rest_route=\/wp\/v2\/types\/product"}],"replies":[{"embeddable":true,"href":"https:\/\/mkm68creation.fr\/index.php?rest_route=%2Fwp%2Fv2%2Fcomments&post=1992"}],"wp:featuredmedia":[{"embeddable":true,"href":"https:\/\/mkm68creation.fr\/index.php?rest_route=\/wp\/v2\/media\/1991"}],"wp:attachment":[{"href":"https:\/\/mkm68creation.fr\/index.php?rest_route=%2Fwp%2Fv2%2Fmedia&parent=1992"}],"wp:term":[{"taxonomy":"product_cat","embeddable":true,"href":"https:\/\/mkm68creation.fr\/index.php?rest_route=%2Fwp%2Fv2%2Fproduct_cat&post=1992"},{"taxonomy":"product_tag","embeddable":true,"href":"https:\/\/mkm68creation.fr\/index.php?rest_route=%2Fwp%2Fv2%2Fproduct_tag&post=1992"}],"curies":[{"name":"wp","href":"https:\/\/api.w.org\/{rel}","templated":true}]}}