{"id":1981,"date":"2024-08-01T17:12:21","date_gmt":"2024-08-01T15:12:21","guid":{"rendered":"https:\/\/mkm68creation.fr\/?product=pot-a-stylo-panda"},"modified":"2025-08-15T19:52:08","modified_gmt":"2025-08-15T17:52:08","slug":"pot-a-stylo-panda","status":"publish","type":"product","link":"https:\/\/mkm68creation.fr\/?product=pot-a-stylo-panda","title":{"rendered":"pot \u00e0 stylo \u00ab\u00a0PANDA\u00a0\u00bb"},"content":{"rendered":"<p>Adorable Panda , pot \u00e0 stylo, crayon , \u00e0 vos envies<\/p>\n<p>Fait main en r\u00e9sine \u00e9poxy<\/p>\n","protected":false},"excerpt":{"rendered":"<p>Adorable Panda , pot \u00e0 stylo, crayon , \u00e0 vos envies Fait main en r\u00e9sine \u00e9poxy<\/p>\n","protected":false},"featured_media":1980,"comment_status":"open","ping_status":"closed","template":"","meta":[],"product_cat":[76,53],"product_tag":[],"class_list":{"0":"post-1981","1":"product","2":"type-product","3":"status-publish","4":"has-post-thumbnail","6":"product_cat-fantasique-cute","7":"product_cat-pots-accessoires","9":"first","10":"instock","11":"purchasable","12":"product-type-simple"},"jetpack_sharing_enabled":true,"_links":{"self":[{"href":"https:\/\/mkm68creation.fr\/index.php?rest_route=\/wp\/v2\/product\/1981","targetHints":{"allow":["GET"]}}],"collection":[{"href":"https:\/\/mkm68creation.fr\/index.php?rest_route=\/wp\/v2\/product"}],"about":[{"href":"https:\/\/mkm68creation.fr\/index.php?rest_route=\/wp\/v2\/types\/product"}],"replies":[{"embeddable":true,"href":"https:\/\/mkm68creation.fr\/index.php?rest_route=%2Fwp%2Fv2%2Fcomments&post=1981"}],"wp:featuredmedia":[{"embeddable":true,"href":"https:\/\/mkm68creation.fr\/index.php?rest_route=\/wp\/v2\/media\/1980"}],"wp:attachment":[{"href":"https:\/\/mkm68creation.fr\/index.php?rest_route=%2Fwp%2Fv2%2Fmedia&parent=1981"}],"wp:term":[{"taxonomy":"product_cat","embeddable":true,"href":"https:\/\/mkm68creation.fr\/index.php?rest_route=%2Fwp%2Fv2%2Fproduct_cat&post=1981"},{"taxonomy":"product_tag","embeddable":true,"href":"https:\/\/mkm68creation.fr\/index.php?rest_route=%2Fwp%2Fv2%2Fproduct_tag&post=1981"}],"curies":[{"name":"wp","href":"https:\/\/api.w.org\/{rel}","templated":true}]}}