{"id":1879,"date":"2024-06-01T10:00:20","date_gmt":"2024-06-01T08:00:20","guid":{"rendered":"https:\/\/mkm68creation.fr\/?post_type=product&#038;p=1879"},"modified":"2024-10-23T15:29:27","modified_gmt":"2024-10-23T13:29:27","slug":"porte-cle-fierte-%f0%9f%8c%88","status":"publish","type":"product","link":"https:\/\/mkm68creation.fr\/?product=porte-cle-fierte-%f0%9f%8c%88","title":{"rendered":"Porte-cl\u00e9 Fiert\u00e9 \ud83c\udf08"},"content":{"rendered":"<p>A chacun son drapeau \u2728\ufe0f\ud83c\udf08\u2728\ufe0f<\/p>\n<p>(charmes al\u00e9atoire)<\/p>\n<p>Fait mains avec amour en r\u00e9sine \u00e9poxy<\/p>\n","protected":false},"excerpt":{"rendered":"<p>A chacun son drapeau \u2728\ufe0f\ud83c\udf08\u2728\ufe0f (charmes al\u00e9atoire) Fait mains avec amour en r\u00e9sine \u00e9poxy<\/p>\n","protected":false},"featured_media":1866,"comment_status":"open","ping_status":"closed","template":"","meta":[],"product_cat":[70],"product_tag":[],"class_list":{"0":"post-1879","1":"product","2":"type-product","3":"status-publish","4":"has-post-thumbnail","6":"product_cat-lgbt","8":"first","9":"instock","10":"shipping-taxable","11":"purchasable","12":"product-type-variable"},"jetpack_sharing_enabled":true,"_links":{"self":[{"href":"https:\/\/mkm68creation.fr\/index.php?rest_route=\/wp\/v2\/product\/1879","targetHints":{"allow":["GET"]}}],"collection":[{"href":"https:\/\/mkm68creation.fr\/index.php?rest_route=\/wp\/v2\/product"}],"about":[{"href":"https:\/\/mkm68creation.fr\/index.php?rest_route=\/wp\/v2\/types\/product"}],"replies":[{"embeddable":true,"href":"https:\/\/mkm68creation.fr\/index.php?rest_route=%2Fwp%2Fv2%2Fcomments&post=1879"}],"wp:featuredmedia":[{"embeddable":true,"href":"https:\/\/mkm68creation.fr\/index.php?rest_route=\/wp\/v2\/media\/1866"}],"wp:attachment":[{"href":"https:\/\/mkm68creation.fr\/index.php?rest_route=%2Fwp%2Fv2%2Fmedia&parent=1879"}],"wp:term":[{"taxonomy":"product_cat","embeddable":true,"href":"https:\/\/mkm68creation.fr\/index.php?rest_route=%2Fwp%2Fv2%2Fproduct_cat&post=1879"},{"taxonomy":"product_tag","embeddable":true,"href":"https:\/\/mkm68creation.fr\/index.php?rest_route=%2Fwp%2Fv2%2Fproduct_tag&post=1879"}],"curies":[{"name":"wp","href":"https:\/\/api.w.org\/{rel}","templated":true}]}}