{"id":1805,"date":"2024-05-11T11:43:12","date_gmt":"2024-05-11T09:43:12","guid":{"rendered":"https:\/\/mkm68creation.fr\/?product=support-rond-a-bougie"},"modified":"2024-05-11T11:46:13","modified_gmt":"2024-05-11T09:46:13","slug":"support-rond-a-bougie","status":"publish","type":"product","link":"https:\/\/mkm68creation.fr\/?product=support-rond-a-bougie","title":{"rendered":"support rond \u00e0 bougie"},"content":{"rendered":"<p>support rond blanc \u00e0 bougie<\/p>\n<p>peut \u00eatre agr\u00e9ment\u00e9 de d\u00e9coration ou pot pourri pour s accorder parfaitement \u00e0 votre int\u00e9rieur<\/p>\n<p>Fait main en r\u00e9sine naturelle<\/p>\n","protected":false},"excerpt":{"rendered":"<p>support rond blanc \u00e0 bougie peut \u00eatre agr\u00e9ment\u00e9 de d\u00e9coration ou pot pourri pour s accorder parfaitement \u00e0 votre int\u00e9rieur Fait main en r\u00e9sine naturelle<\/p>\n","protected":false},"featured_media":1803,"comment_status":"open","ping_status":"closed","template":"","meta":[],"product_cat":[65],"product_tag":[],"class_list":{"0":"post-1805","1":"product","2":"type-product","3":"status-publish","4":"has-post-thumbnail","6":"product_cat-resine-naturelle","8":"first","9":"instock","10":"purchasable","11":"product-type-simple"},"jetpack_sharing_enabled":true,"_links":{"self":[{"href":"https:\/\/mkm68creation.fr\/index.php?rest_route=\/wp\/v2\/product\/1805","targetHints":{"allow":["GET"]}}],"collection":[{"href":"https:\/\/mkm68creation.fr\/index.php?rest_route=\/wp\/v2\/product"}],"about":[{"href":"https:\/\/mkm68creation.fr\/index.php?rest_route=\/wp\/v2\/types\/product"}],"replies":[{"embeddable":true,"href":"https:\/\/mkm68creation.fr\/index.php?rest_route=%2Fwp%2Fv2%2Fcomments&post=1805"}],"wp:featuredmedia":[{"embeddable":true,"href":"https:\/\/mkm68creation.fr\/index.php?rest_route=\/wp\/v2\/media\/1803"}],"wp:attachment":[{"href":"https:\/\/mkm68creation.fr\/index.php?rest_route=%2Fwp%2Fv2%2Fmedia&parent=1805"}],"wp:term":[{"taxonomy":"product_cat","embeddable":true,"href":"https:\/\/mkm68creation.fr\/index.php?rest_route=%2Fwp%2Fv2%2Fproduct_cat&post=1805"},{"taxonomy":"product_tag","embeddable":true,"href":"https:\/\/mkm68creation.fr\/index.php?rest_route=%2Fwp%2Fv2%2Fproduct_tag&post=1805"}],"curies":[{"name":"wp","href":"https:\/\/api.w.org\/{rel}","templated":true}]}}