{"id":1681,"date":"2024-04-22T19:31:54","date_gmt":"2024-04-22T17:31:54","guid":{"rendered":"https:\/\/mkm68creation.fr\/?post_type=product&#038;p=1681"},"modified":"2025-02-17T15:16:21","modified_gmt":"2025-02-17T14:16:21","slug":"porte-cle-love","status":"publish","type":"product","link":"https:\/\/mkm68creation.fr\/?product=porte-cle-love","title":{"rendered":"Porte-cl\u00e9 LOVE"},"content":{"rendered":"<p>Porte-cl\u00e9 LOVE<\/p>\n<p>dans les tons gris noir et paillettes dor\u00e9e<\/p>\n<p>Fait mains en r\u00e9sine \u00e9poxy<\/p>\n","protected":false},"excerpt":{"rendered":"<p>Porte-cl\u00e9 LOVE dans les tons gris noir et paillettes dor\u00e9e Fait mains en r\u00e9sine \u00e9poxy<\/p>\n","protected":false},"featured_media":1688,"comment_status":"open","ping_status":"closed","template":"","meta":[],"product_cat":[45],"product_tag":[],"class_list":{"0":"post-1681","1":"product","2":"type-product","3":"status-publish","4":"has-post-thumbnail","6":"product_cat-porte-cle-porte-cle-bijoux-de-sac","8":"first","9":"instock","10":"shipping-taxable","11":"purchasable","12":"product-type-variable"},"jetpack_sharing_enabled":true,"_links":{"self":[{"href":"https:\/\/mkm68creation.fr\/index.php?rest_route=\/wp\/v2\/product\/1681","targetHints":{"allow":["GET"]}}],"collection":[{"href":"https:\/\/mkm68creation.fr\/index.php?rest_route=\/wp\/v2\/product"}],"about":[{"href":"https:\/\/mkm68creation.fr\/index.php?rest_route=\/wp\/v2\/types\/product"}],"replies":[{"embeddable":true,"href":"https:\/\/mkm68creation.fr\/index.php?rest_route=%2Fwp%2Fv2%2Fcomments&post=1681"}],"wp:featuredmedia":[{"embeddable":true,"href":"https:\/\/mkm68creation.fr\/index.php?rest_route=\/wp\/v2\/media\/1688"}],"wp:attachment":[{"href":"https:\/\/mkm68creation.fr\/index.php?rest_route=%2Fwp%2Fv2%2Fmedia&parent=1681"}],"wp:term":[{"taxonomy":"product_cat","embeddable":true,"href":"https:\/\/mkm68creation.fr\/index.php?rest_route=%2Fwp%2Fv2%2Fproduct_cat&post=1681"},{"taxonomy":"product_tag","embeddable":true,"href":"https:\/\/mkm68creation.fr\/index.php?rest_route=%2Fwp%2Fv2%2Fproduct_tag&post=1681"}],"curies":[{"name":"wp","href":"https:\/\/api.w.org\/{rel}","templated":true}]}}