{"id":1675,"date":"2024-04-17T09:25:52","date_gmt":"2024-04-17T07:25:52","guid":{"rendered":"https:\/\/mkm68creation.fr\/?post_type=product&#038;p=1675"},"modified":"2024-04-17T09:34:57","modified_gmt":"2024-04-17T07:34:57","slug":"bougeoir-maman-avec-son-bebe","status":"publish","type":"product","link":"https:\/\/mkm68creation.fr\/?product=bougeoir-maman-avec-son-bebe","title":{"rendered":"Bougeoir Maman avec son b\u00e9b\u00e9"},"content":{"rendered":"<p><strong>Sp\u00e9cial F\u00eate des m\u00e8res <\/strong><\/p>\n<p>Bougeoir d&rsquo;ambiance dans son coffret en bois<\/p>\n<p>\u00ab\u00a0maman avec son b\u00e9b\u00e9 \u00a0\u00bb<\/p>\n<p>Fait main en r\u00e9sine \u00e9poxy<\/p>\n","protected":false},"excerpt":{"rendered":"<p>Sp\u00e9cial F\u00eate des m\u00e8res Bougeoir d&rsquo;ambiance dans son coffret en bois \u00ab\u00a0maman avec son b\u00e9b\u00e9 \u00a0\u00bb Fait main en r\u00e9sine \u00e9poxy<\/p>\n","protected":false},"featured_media":1672,"comment_status":"open","ping_status":"closed","template":"","meta":[],"product_cat":[15],"product_tag":[],"class_list":{"0":"post-1675","1":"product","2":"type-product","3":"status-publish","4":"has-post-thumbnail","6":"product_cat-uncategorized","8":"first","9":"instock","10":"shipping-taxable","11":"purchasable","12":"product-type-variable"},"jetpack_sharing_enabled":true,"_links":{"self":[{"href":"https:\/\/mkm68creation.fr\/index.php?rest_route=\/wp\/v2\/product\/1675","targetHints":{"allow":["GET"]}}],"collection":[{"href":"https:\/\/mkm68creation.fr\/index.php?rest_route=\/wp\/v2\/product"}],"about":[{"href":"https:\/\/mkm68creation.fr\/index.php?rest_route=\/wp\/v2\/types\/product"}],"replies":[{"embeddable":true,"href":"https:\/\/mkm68creation.fr\/index.php?rest_route=%2Fwp%2Fv2%2Fcomments&post=1675"}],"wp:featuredmedia":[{"embeddable":true,"href":"https:\/\/mkm68creation.fr\/index.php?rest_route=\/wp\/v2\/media\/1672"}],"wp:attachment":[{"href":"https:\/\/mkm68creation.fr\/index.php?rest_route=%2Fwp%2Fv2%2Fmedia&parent=1675"}],"wp:term":[{"taxonomy":"product_cat","embeddable":true,"href":"https:\/\/mkm68creation.fr\/index.php?rest_route=%2Fwp%2Fv2%2Fproduct_cat&post=1675"},{"taxonomy":"product_tag","embeddable":true,"href":"https:\/\/mkm68creation.fr\/index.php?rest_route=%2Fwp%2Fv2%2Fproduct_tag&post=1675"}],"curies":[{"name":"wp","href":"https:\/\/api.w.org\/{rel}","templated":true}]}}