{"id":1619,"date":"2023-10-19T15:43:40","date_gmt":"2023-10-19T13:43:40","guid":{"rendered":"https:\/\/mkm68creation.fr\/?post_type=product&#038;p=1619"},"modified":"2023-10-19T15:56:04","modified_gmt":"2023-10-19T13:56:04","slug":"marque-page-poisson-koi-japonnais","status":"publish","type":"product","link":"https:\/\/mkm68creation.fr\/?product=marque-page-poisson-koi-japonnais","title":{"rendered":"marque page Poisson ko\u00ef japonnais"},"content":{"rendered":"<p>\u00e9dition limit\u00e9e<\/p>\n<p>marque page Poisson ko\u00ef japonnais<\/p>\n<p>Fais main en r\u00e9sine \u00e9poxy<\/p>\n","protected":false},"excerpt":{"rendered":"<p>\u00e9dition limit\u00e9e marque page Poisson ko\u00ef japonnais Fais main en r\u00e9sine \u00e9poxy<\/p>\n","protected":false},"featured_media":1630,"comment_status":"open","ping_status":"closed","template":"","meta":[],"product_cat":[58,43],"product_tag":[],"class_list":{"0":"post-1619","1":"product","2":"type-product","3":"status-publish","4":"has-post-thumbnail","6":"product_cat-marque-page","7":"product_cat-porte-cle-bijoux-de-sac-marque-page","9":"first","10":"instock","11":"shipping-taxable","12":"purchasable","13":"product-type-variable"},"jetpack_sharing_enabled":true,"_links":{"self":[{"href":"https:\/\/mkm68creation.fr\/index.php?rest_route=\/wp\/v2\/product\/1619","targetHints":{"allow":["GET"]}}],"collection":[{"href":"https:\/\/mkm68creation.fr\/index.php?rest_route=\/wp\/v2\/product"}],"about":[{"href":"https:\/\/mkm68creation.fr\/index.php?rest_route=\/wp\/v2\/types\/product"}],"replies":[{"embeddable":true,"href":"https:\/\/mkm68creation.fr\/index.php?rest_route=%2Fwp%2Fv2%2Fcomments&post=1619"}],"wp:featuredmedia":[{"embeddable":true,"href":"https:\/\/mkm68creation.fr\/index.php?rest_route=\/wp\/v2\/media\/1630"}],"wp:attachment":[{"href":"https:\/\/mkm68creation.fr\/index.php?rest_route=%2Fwp%2Fv2%2Fmedia&parent=1619"}],"wp:term":[{"taxonomy":"product_cat","embeddable":true,"href":"https:\/\/mkm68creation.fr\/index.php?rest_route=%2Fwp%2Fv2%2Fproduct_cat&post=1619"},{"taxonomy":"product_tag","embeddable":true,"href":"https:\/\/mkm68creation.fr\/index.php?rest_route=%2Fwp%2Fv2%2Fproduct_tag&post=1619"}],"curies":[{"name":"wp","href":"https:\/\/api.w.org\/{rel}","templated":true}]}}