{"id":1557,"date":"2023-08-19T11:11:30","date_gmt":"2023-08-19T09:11:30","guid":{"rendered":"https:\/\/mkm68creation.fr\/?post_type=product&#038;p=1557"},"modified":"2025-08-29T23:36:48","modified_gmt":"2025-08-29T21:36:48","slug":"coeurs-suspendu","status":"publish","type":"product","link":"https:\/\/mkm68creation.fr\/?product=coeurs-suspendu","title":{"rendered":"c\u0153urs suspendu"},"content":{"rendered":"<p>duo de c\u0153urs sur socle (led)<br \/>\nP\u00e9tales de rose s\u00e9ch\u00e9es et feuilles d&rsquo;or<br \/>\n(Fonctionne avec 2 piles plate fournies)<\/p>\n<p>Fais main en r\u00e9sine \u00e9poxy<\/p>\n<p>Pour les personnalisations merci de remplir le formulaire contact avec votre demande<br \/>\n<div data-test='contact-form' id='contact-form-1557' class='wp-block-jetpack-contact-form-container '>\n<form action='https:\/\/mkm68creation.fr\/?product=coeurs-suspendu#contact-form-1557' method='post' class='contact-form commentsblock' aria-label=\"c\u0153urs suspendu\" novalidate>\n\n<div style=\"\" class='grunion-field-name-wrap grunion-field-wrap'  >\n<label\n\t\t\t\tfor='g1557-nom'\n\t\t\t\tclass='grunion-field-label name'>Nom<span class=\"grunion-label-required\" aria-hidden=\"true\">(obligatoire)<\/span><\/label>\n<input\n\t\t\t\t\ttype='text'\n\t\t\t\t\tname='g1557-nom'\n\t\t\t\t\tid='g1557-nom'\n\t\t\t\t\tvalue=''\n\t\t\t\t\tclass='name  grunion-field' \n\t\t\t\t\trequired aria-required='true' \/>\n\t<\/div>\n\n<div style=\"\" class='grunion-field-email-wrap grunion-field-wrap'  >\n<label\n\t\t\t\tfor='g1557-email'\n\t\t\t\tclass='grunion-field-label email'>E-mail<span class=\"grunion-label-required\" aria-hidden=\"true\">(obligatoire)<\/span><\/label>\n<input\n\t\t\t\t\ttype='email'\n\t\t\t\t\tname='g1557-email'\n\t\t\t\t\tid='g1557-email'\n\t\t\t\t\tvalue=''\n\t\t\t\t\tclass='email  grunion-field' \n\t\t\t\t\trequired aria-required='true' \/>\n\t<\/div>\n\n<div style=\"\" class='grunion-field-url-wrap grunion-field-wrap'  >\n<label\n\t\t\t\tfor='g1557-siteweb'\n\t\t\t\tclass='grunion-field-label url'>Site web<\/label>\n<input\n\t\t\t\t\ttype='text'\n\t\t\t\t\tname='g1557-siteweb'\n\t\t\t\t\tid='g1557-siteweb'\n\t\t\t\t\tvalue=''\n\t\t\t\t\tclass='url  grunion-field' \n\t\t\t\t\ttitle=\"Veuillez saisir une URL valide - https:\/\/www.exemple.fr\" oninvalid=\"setCustomValidity(&quot;Veuillez saisir une URL valide - https:\/\/www.exemple.fr&quot;)\" oninput=\"setCustomValidity(&quot;&quot;)\" pattern=\"(([:\\\/a-zA-Z0-9_\\-]+)?(\\.[a-zA-Z0-9_\\-\\\/]+)+)\" data-type-override=\"url\"  \/>\n\t<\/div>\n\n<div style=\"\" class='grunion-field-textarea-wrap grunion-field-wrap'  >\n<label\n\t\t\t\tfor='contact-form-comment-g1557-message'\n\t\t\t\tclass='grunion-field-label textarea'>Message<\/label>\n<textarea\n\t\t                style=''\n\t\t                name='g1557-message'\n\t\t                id='contact-form-comment-g1557-message'\n\t\t                rows='20' class='textarea  grunion-field'  ><\/textarea>\n\t<\/div>\n\t<p class='contact-submit'>\n\t\t<button type='submit' class='pushbutton-wide'>Envoyer<\/button>\t\t<input type='hidden' name='contact-form-id' value='1557' \/>\n\t\t<input type='hidden' name='action' value='grunion-contact-form' \/>\n\t\t<input type='hidden' name='contact-form-hash' value='cafcbb42e07dbab1c5fb5c47c4f04e754176f2f6' \/>\n\t<\/p>\n<\/form>\n<\/div><\/p>\n","protected":false},"excerpt":{"rendered":"<p>duo de c\u0153urs sur socle (led) P\u00e9tales de rose s\u00e9ch\u00e9es et feuilles d&rsquo;or (Fonctionne avec 2 piles plate fournies) Fais main en r\u00e9sine \u00e9poxy Pour les personnalisations merci de remplir le formulaire contact avec votre demande<\/p>\n","protected":false},"featured_media":1565,"comment_status":"open","ping_status":"closed","template":"","meta":[],"product_cat":[54,59,61],"product_tag":[],"class_list":{"0":"post-1557","1":"product","2":"type-product","3":"status-publish","4":"has-post-thumbnail","6":"product_cat-lampe-veilleuse-decorations","7":"product_cat-personnalisable","8":"product_cat-suspension","10":"first","11":"instock","12":"shipping-taxable","13":"purchasable","14":"product-type-variable"},"jetpack_sharing_enabled":true,"_links":{"self":[{"href":"https:\/\/mkm68creation.fr\/index.php?rest_route=\/wp\/v2\/product\/1557","targetHints":{"allow":["GET"]}}],"collection":[{"href":"https:\/\/mkm68creation.fr\/index.php?rest_route=\/wp\/v2\/product"}],"about":[{"href":"https:\/\/mkm68creation.fr\/index.php?rest_route=\/wp\/v2\/types\/product"}],"replies":[{"embeddable":true,"href":"https:\/\/mkm68creation.fr\/index.php?rest_route=%2Fwp%2Fv2%2Fcomments&post=1557"}],"wp:featuredmedia":[{"embeddable":true,"href":"https:\/\/mkm68creation.fr\/index.php?rest_route=\/wp\/v2\/media\/1565"}],"wp:attachment":[{"href":"https:\/\/mkm68creation.fr\/index.php?rest_route=%2Fwp%2Fv2%2Fmedia&parent=1557"}],"wp:term":[{"taxonomy":"product_cat","embeddable":true,"href":"https:\/\/mkm68creation.fr\/index.php?rest_route=%2Fwp%2Fv2%2Fproduct_cat&post=1557"},{"taxonomy":"product_tag","embeddable":true,"href":"https:\/\/mkm68creation.fr\/index.php?rest_route=%2Fwp%2Fv2%2Fproduct_tag&post=1557"}],"curies":[{"name":"wp","href":"https:\/\/api.w.org\/{rel}","templated":true}]}}