{"id":1496,"date":"2023-07-27T00:15:50","date_gmt":"2023-07-26T22:15:50","guid":{"rendered":"https:\/\/mkm68creation.fr\/?post_type=product&#038;p=1496"},"modified":"2024-10-23T15:48:54","modified_gmt":"2024-10-23T13:48:54","slug":"crane-2","status":"publish","type":"product","link":"https:\/\/mkm68creation.fr\/?product=crane-2","title":{"rendered":"Cr\u00e2ne"},"content":{"rendered":"<p>Cr\u00e2ne d\u00e9coratif<br \/>\nbordeaux et feuille d&rsquo;or<\/p>\n<p>Fais mains en r\u00e9sine \u00e9poxy<\/p>\n","protected":false},"excerpt":{"rendered":"<p>Cr\u00e2ne d\u00e9coratif<br \/>\nbordeaux et feuille d&rsquo;or<\/p>\n<p>Fais mains en r\u00e9sine \u00e9poxy<\/p>\n","protected":false},"featured_media":1497,"comment_status":"open","ping_status":"closed","template":"","meta":[],"product_cat":[26,56],"product_tag":[],"class_list":{"0":"post-1496","1":"product","2":"type-product","3":"status-publish","4":"has-post-thumbnail","6":"product_cat-decorations","7":"product_cat-figurine-a-poser-decorations","9":"first","10":"instock","11":"shipping-taxable","12":"purchasable","13":"product-type-simple"},"jetpack_sharing_enabled":true,"_links":{"self":[{"href":"https:\/\/mkm68creation.fr\/index.php?rest_route=\/wp\/v2\/product\/1496","targetHints":{"allow":["GET"]}}],"collection":[{"href":"https:\/\/mkm68creation.fr\/index.php?rest_route=\/wp\/v2\/product"}],"about":[{"href":"https:\/\/mkm68creation.fr\/index.php?rest_route=\/wp\/v2\/types\/product"}],"replies":[{"embeddable":true,"href":"https:\/\/mkm68creation.fr\/index.php?rest_route=%2Fwp%2Fv2%2Fcomments&post=1496"}],"wp:featuredmedia":[{"embeddable":true,"href":"https:\/\/mkm68creation.fr\/index.php?rest_route=\/wp\/v2\/media\/1497"}],"wp:attachment":[{"href":"https:\/\/mkm68creation.fr\/index.php?rest_route=%2Fwp%2Fv2%2Fmedia&parent=1496"}],"wp:term":[{"taxonomy":"product_cat","embeddable":true,"href":"https:\/\/mkm68creation.fr\/index.php?rest_route=%2Fwp%2Fv2%2Fproduct_cat&post=1496"},{"taxonomy":"product_tag","embeddable":true,"href":"https:\/\/mkm68creation.fr\/index.php?rest_route=%2Fwp%2Fv2%2Fproduct_tag&post=1496"}],"curies":[{"name":"wp","href":"https:\/\/api.w.org\/{rel}","templated":true}]}}