{"id":1403,"date":"2023-07-26T15:58:25","date_gmt":"2023-07-26T13:58:25","guid":{"rendered":"https:\/\/mkm68creation.fr\/?post_type=product&#038;p=1403"},"modified":"2025-11-21T20:48:06","modified_gmt":"2025-11-21T19:48:06","slug":"dessous-de-verres-coeur-geometrique","status":"publish","type":"product","link":"https:\/\/mkm68creation.fr\/?product=dessous-de-verres-coeur-geometrique","title":{"rendered":"Dessous de verres c\u0153ur g\u00e9om\u00e9trique"},"content":{"rendered":"<p>Lot de deux dessous de verres c\u0153ur g\u00e9om\u00e9trique<\/p>\n<p>Fait \u00e0 la main en r\u00e9sine \u00e9poxy<\/p>\n","protected":false},"excerpt":{"rendered":"<p>Lot de deux dessous de verres c\u0153ur g\u00e9om\u00e9trique<\/p>\n<p>Fait \u00e0 la main en r\u00e9sine \u00e9poxy<\/p>\n","protected":false},"featured_media":1396,"comment_status":"open","ping_status":"closed","template":"","meta":[],"product_cat":[39,48],"product_tag":[],"class_list":{"0":"post-1403","1":"product","2":"type-product","3":"status-publish","4":"has-post-thumbnail","6":"product_cat-art-de-la-table","7":"product_cat-dessous-de-verres","9":"first","10":"instock","11":"shipping-taxable","12":"purchasable","13":"product-type-variable"},"jetpack_sharing_enabled":true,"_links":{"self":[{"href":"https:\/\/mkm68creation.fr\/index.php?rest_route=\/wp\/v2\/product\/1403","targetHints":{"allow":["GET"]}}],"collection":[{"href":"https:\/\/mkm68creation.fr\/index.php?rest_route=\/wp\/v2\/product"}],"about":[{"href":"https:\/\/mkm68creation.fr\/index.php?rest_route=\/wp\/v2\/types\/product"}],"replies":[{"embeddable":true,"href":"https:\/\/mkm68creation.fr\/index.php?rest_route=%2Fwp%2Fv2%2Fcomments&post=1403"}],"wp:featuredmedia":[{"embeddable":true,"href":"https:\/\/mkm68creation.fr\/index.php?rest_route=\/wp\/v2\/media\/1396"}],"wp:attachment":[{"href":"https:\/\/mkm68creation.fr\/index.php?rest_route=%2Fwp%2Fv2%2Fmedia&parent=1403"}],"wp:term":[{"taxonomy":"product_cat","embeddable":true,"href":"https:\/\/mkm68creation.fr\/index.php?rest_route=%2Fwp%2Fv2%2Fproduct_cat&post=1403"},{"taxonomy":"product_tag","embeddable":true,"href":"https:\/\/mkm68creation.fr\/index.php?rest_route=%2Fwp%2Fv2%2Fproduct_tag&post=1403"}],"curies":[{"name":"wp","href":"https:\/\/api.w.org\/{rel}","templated":true}]}}