{"id":1395,"date":"2023-07-26T15:41:17","date_gmt":"2023-07-26T13:41:17","guid":{"rendered":"https:\/\/mkm68creation.fr\/?post_type=product&#038;p=1395"},"modified":"2023-07-26T15:42:52","modified_gmt":"2023-07-26T13:42:52","slug":"plateau-coeur-geometrique-dessous-de-verres","status":"publish","type":"product","link":"https:\/\/mkm68creation.fr\/?product=plateau-coeur-geometrique-dessous-de-verres","title":{"rendered":"Plateau c\u0153ur g\u00e9om\u00e9trique + dessous de verres"},"content":{"rendered":"<p>Ensemble plateau c\u0153ur g\u00e9om\u00e9trique et ses deux dessous de verres <\/p>\n<p>Fait main en r\u00e9sine \u00e9poxy<\/p>\n","protected":false},"excerpt":{"rendered":"<p>Ensemble plateau c\u0153ur g\u00e9om\u00e9trique (22*24 cm)<br \/>\n et ses deux dessous de verres (13*13,5 cm)<\/p>\n<p>Fait main en r\u00e9sine \u00e9poxy<\/p>\n","protected":false},"featured_media":1400,"comment_status":"open","ping_status":"closed","template":"","meta":[],"product_cat":[39,50],"product_tag":[],"class_list":{"0":"post-1395","1":"product","2":"type-product","3":"status-publish","4":"has-post-thumbnail","6":"product_cat-art-de-la-table","7":"product_cat-plateau","9":"first","10":"instock","11":"shipping-taxable","12":"purchasable","13":"product-type-simple"},"jetpack_sharing_enabled":true,"_links":{"self":[{"href":"https:\/\/mkm68creation.fr\/index.php?rest_route=\/wp\/v2\/product\/1395","targetHints":{"allow":["GET"]}}],"collection":[{"href":"https:\/\/mkm68creation.fr\/index.php?rest_route=\/wp\/v2\/product"}],"about":[{"href":"https:\/\/mkm68creation.fr\/index.php?rest_route=\/wp\/v2\/types\/product"}],"replies":[{"embeddable":true,"href":"https:\/\/mkm68creation.fr\/index.php?rest_route=%2Fwp%2Fv2%2Fcomments&post=1395"}],"wp:featuredmedia":[{"embeddable":true,"href":"https:\/\/mkm68creation.fr\/index.php?rest_route=\/wp\/v2\/media\/1400"}],"wp:attachment":[{"href":"https:\/\/mkm68creation.fr\/index.php?rest_route=%2Fwp%2Fv2%2Fmedia&parent=1395"}],"wp:term":[{"taxonomy":"product_cat","embeddable":true,"href":"https:\/\/mkm68creation.fr\/index.php?rest_route=%2Fwp%2Fv2%2Fproduct_cat&post=1395"},{"taxonomy":"product_tag","embeddable":true,"href":"https:\/\/mkm68creation.fr\/index.php?rest_route=%2Fwp%2Fv2%2Fproduct_tag&post=1395"}],"curies":[{"name":"wp","href":"https:\/\/api.w.org\/{rel}","templated":true}]}}