{"id":1384,"date":"2023-07-23T18:17:02","date_gmt":"2023-07-23T16:17:02","guid":{"rendered":"https:\/\/mkm68creation.fr\/?post_type=product&#038;p=1384"},"modified":"2024-10-17T23:23:42","modified_gmt":"2024-10-17T21:23:42","slug":"porte-cle-tendresse-de-sakura","status":"publish","type":"product","link":"https:\/\/mkm68creation.fr\/?product=porte-cle-tendresse-de-sakura","title":{"rendered":"Porte-cl\u00e9 Tendresse de Sakura"},"content":{"rendered":"<p>Collection  \u00ab\u00a0Tendresse de Sakura\u00a0\u00bb<br \/>\nporte-cl\u00e9 rond<\/p>\n<p>Fait \u00e0 la main en r\u00e9sine UV<\/p>\n","protected":false},"excerpt":{"rendered":"<p>Collection \u00ab\u00a0Tendresse de Sakura\u00a0\u00bb porte-cl\u00e9 rond Fait \u00e0 la main en r\u00e9sine UV<\/p>\n","protected":false},"featured_media":1385,"comment_status":"open","ping_status":"closed","template":"","meta":[],"product_cat":[63,45],"product_tag":[],"class_list":{"0":"post-1384","1":"product","2":"type-product","3":"status-publish","4":"has-post-thumbnail","6":"product_cat-collections-tendresse-de-sakura","7":"product_cat-porte-cle-porte-cle-bijoux-de-sac","9":"first","10":"instock","11":"shipping-taxable","12":"purchasable","13":"product-type-simple"},"jetpack_sharing_enabled":true,"_links":{"self":[{"href":"https:\/\/mkm68creation.fr\/index.php?rest_route=\/wp\/v2\/product\/1384","targetHints":{"allow":["GET"]}}],"collection":[{"href":"https:\/\/mkm68creation.fr\/index.php?rest_route=\/wp\/v2\/product"}],"about":[{"href":"https:\/\/mkm68creation.fr\/index.php?rest_route=\/wp\/v2\/types\/product"}],"replies":[{"embeddable":true,"href":"https:\/\/mkm68creation.fr\/index.php?rest_route=%2Fwp%2Fv2%2Fcomments&post=1384"}],"wp:featuredmedia":[{"embeddable":true,"href":"https:\/\/mkm68creation.fr\/index.php?rest_route=\/wp\/v2\/media\/1385"}],"wp:attachment":[{"href":"https:\/\/mkm68creation.fr\/index.php?rest_route=%2Fwp%2Fv2%2Fmedia&parent=1384"}],"wp:term":[{"taxonomy":"product_cat","embeddable":true,"href":"https:\/\/mkm68creation.fr\/index.php?rest_route=%2Fwp%2Fv2%2Fproduct_cat&post=1384"},{"taxonomy":"product_tag","embeddable":true,"href":"https:\/\/mkm68creation.fr\/index.php?rest_route=%2Fwp%2Fv2%2Fproduct_tag&post=1384"}],"curies":[{"name":"wp","href":"https:\/\/api.w.org\/{rel}","templated":true}]}}