{"id":1378,"date":"2023-07-23T18:03:41","date_gmt":"2023-07-23T16:03:41","guid":{"rendered":"https:\/\/mkm68creation.fr\/?post_type=product&#038;p=1378"},"modified":"2024-10-17T23:21:00","modified_gmt":"2024-10-17T21:21:00","slug":"ras-du-cou-tendresse-de-sakura","status":"publish","type":"product","link":"https:\/\/mkm68creation.fr\/?product=ras-du-cou-tendresse-de-sakura","title":{"rendered":"ras du cou Tendresse de Sakura"},"content":{"rendered":"<p>ras du cou en acier \u00ab\u00a0Tendresse de Sakura\u00a0\u00bb<br \/>\navec pendant fleur <\/p>\n<p>Fait \u00e0 la main en r\u00e9sine UV et \u00e9poxy<\/p>\n","protected":false},"excerpt":{"rendered":"<p>ras du cou en acier \u00ab\u00a0Tendresse de Sakura\u00a0\u00bb<br \/>\navec pendant fleur<\/p>\n","protected":false},"featured_media":1381,"comment_status":"open","ping_status":"closed","template":"","meta":[],"product_cat":[63],"product_tag":[],"class_list":{"0":"post-1378","1":"product","2":"type-product","3":"status-publish","4":"has-post-thumbnail","6":"product_cat-collections-tendresse-de-sakura","8":"first","9":"instock","10":"shipping-taxable","11":"purchasable","12":"product-type-variable"},"jetpack_sharing_enabled":true,"_links":{"self":[{"href":"https:\/\/mkm68creation.fr\/index.php?rest_route=\/wp\/v2\/product\/1378","targetHints":{"allow":["GET"]}}],"collection":[{"href":"https:\/\/mkm68creation.fr\/index.php?rest_route=\/wp\/v2\/product"}],"about":[{"href":"https:\/\/mkm68creation.fr\/index.php?rest_route=\/wp\/v2\/types\/product"}],"replies":[{"embeddable":true,"href":"https:\/\/mkm68creation.fr\/index.php?rest_route=%2Fwp%2Fv2%2Fcomments&post=1378"}],"wp:featuredmedia":[{"embeddable":true,"href":"https:\/\/mkm68creation.fr\/index.php?rest_route=\/wp\/v2\/media\/1381"}],"wp:attachment":[{"href":"https:\/\/mkm68creation.fr\/index.php?rest_route=%2Fwp%2Fv2%2Fmedia&parent=1378"}],"wp:term":[{"taxonomy":"product_cat","embeddable":true,"href":"https:\/\/mkm68creation.fr\/index.php?rest_route=%2Fwp%2Fv2%2Fproduct_cat&post=1378"},{"taxonomy":"product_tag","embeddable":true,"href":"https:\/\/mkm68creation.fr\/index.php?rest_route=%2Fwp%2Fv2%2Fproduct_tag&post=1378"}],"curies":[{"name":"wp","href":"https:\/\/api.w.org\/{rel}","templated":true}]}}