{"id":1375,"date":"2023-07-23T17:46:19","date_gmt":"2023-07-23T15:46:19","guid":{"rendered":"https:\/\/mkm68creation.fr\/?post_type=product&#038;p=1375"},"modified":"2024-10-23T13:53:55","modified_gmt":"2024-10-23T11:53:55","slug":"ensemble-dessous-de-verre-et-son-support","status":"publish","type":"product","link":"https:\/\/mkm68creation.fr\/?product=ensemble-dessous-de-verre-et-son-support","title":{"rendered":"ensemble dessous de verre et son support"},"content":{"rendered":"<p>Collection \u00a0\u00bb Tendresse de Sakura \u00a0\u00bb<br \/>\nlot de 4 dessous de verres et son support <\/p>\n<p>Fait \u00e0 la mains en r\u00e9sine \u00e9poxy<\/p>\n","protected":false},"excerpt":{"rendered":"<p>Collection<br \/>\n\u00ab\u00a0Tendresse de Sakura\u00a0\u00bb<br \/>\n4 dessous de verre et support<\/p>\n","protected":false},"featured_media":1376,"comment_status":"open","ping_status":"closed","template":"","meta":[],"product_cat":[39,63,48],"product_tag":[],"class_list":{"0":"post-1375","1":"product","2":"type-product","3":"status-publish","4":"has-post-thumbnail","6":"product_cat-art-de-la-table","7":"product_cat-collections-tendresse-de-sakura","8":"product_cat-dessous-de-verres","10":"first","11":"instock","12":"shipping-taxable","13":"purchasable","14":"product-type-simple"},"jetpack_sharing_enabled":true,"_links":{"self":[{"href":"https:\/\/mkm68creation.fr\/index.php?rest_route=\/wp\/v2\/product\/1375","targetHints":{"allow":["GET"]}}],"collection":[{"href":"https:\/\/mkm68creation.fr\/index.php?rest_route=\/wp\/v2\/product"}],"about":[{"href":"https:\/\/mkm68creation.fr\/index.php?rest_route=\/wp\/v2\/types\/product"}],"replies":[{"embeddable":true,"href":"https:\/\/mkm68creation.fr\/index.php?rest_route=%2Fwp%2Fv2%2Fcomments&post=1375"}],"wp:featuredmedia":[{"embeddable":true,"href":"https:\/\/mkm68creation.fr\/index.php?rest_route=\/wp\/v2\/media\/1376"}],"wp:attachment":[{"href":"https:\/\/mkm68creation.fr\/index.php?rest_route=%2Fwp%2Fv2%2Fmedia&parent=1375"}],"wp:term":[{"taxonomy":"product_cat","embeddable":true,"href":"https:\/\/mkm68creation.fr\/index.php?rest_route=%2Fwp%2Fv2%2Fproduct_cat&post=1375"},{"taxonomy":"product_tag","embeddable":true,"href":"https:\/\/mkm68creation.fr\/index.php?rest_route=%2Fwp%2Fv2%2Fproduct_tag&post=1375"}],"curies":[{"name":"wp","href":"https:\/\/api.w.org\/{rel}","templated":true}]}}