{"id":1330,"date":"2023-07-23T12:32:35","date_gmt":"2023-07-23T10:32:35","guid":{"rendered":"https:\/\/mkm68creation.fr\/?post_type=product&#038;p=1330"},"modified":"2024-06-14T23:37:33","modified_gmt":"2024-06-14T21:37:33","slug":"coupelle-coeur","status":"publish","type":"product","link":"https:\/\/mkm68creation.fr\/?product=coupelle-coeur","title":{"rendered":"coupelle coeur"},"content":{"rendered":"<p>Petite coupelle c\u0153ur<br \/>\nFait \u00e0 la main en r\u00e9sine naturelle<\/p>\n","protected":false},"excerpt":{"rendered":"<p>Petite coupelle c\u0153ur Fait \u00e0 la main en r\u00e9sine naturelle<\/p>\n","protected":false},"featured_media":1331,"comment_status":"open","ping_status":"closed","template":"","meta":[],"product_cat":[65],"product_tag":[],"class_list":{"0":"post-1330","1":"product","2":"type-product","3":"status-publish","4":"has-post-thumbnail","6":"product_cat-resine-naturelle","8":"first","9":"instock","10":"shipping-taxable","11":"purchasable","12":"product-type-variable"},"jetpack_sharing_enabled":true,"_links":{"self":[{"href":"https:\/\/mkm68creation.fr\/index.php?rest_route=\/wp\/v2\/product\/1330","targetHints":{"allow":["GET"]}}],"collection":[{"href":"https:\/\/mkm68creation.fr\/index.php?rest_route=\/wp\/v2\/product"}],"about":[{"href":"https:\/\/mkm68creation.fr\/index.php?rest_route=\/wp\/v2\/types\/product"}],"replies":[{"embeddable":true,"href":"https:\/\/mkm68creation.fr\/index.php?rest_route=%2Fwp%2Fv2%2Fcomments&post=1330"}],"wp:featuredmedia":[{"embeddable":true,"href":"https:\/\/mkm68creation.fr\/index.php?rest_route=\/wp\/v2\/media\/1331"}],"wp:attachment":[{"href":"https:\/\/mkm68creation.fr\/index.php?rest_route=%2Fwp%2Fv2%2Fmedia&parent=1330"}],"wp:term":[{"taxonomy":"product_cat","embeddable":true,"href":"https:\/\/mkm68creation.fr\/index.php?rest_route=%2Fwp%2Fv2%2Fproduct_cat&post=1330"},{"taxonomy":"product_tag","embeddable":true,"href":"https:\/\/mkm68creation.fr\/index.php?rest_route=%2Fwp%2Fv2%2Fproduct_tag&post=1330"}],"curies":[{"name":"wp","href":"https:\/\/api.w.org\/{rel}","templated":true}]}}