{"id":1087,"date":"2022-12-12T22:44:39","date_gmt":"2022-12-12T21:44:39","guid":{"rendered":"https:\/\/mkm68creation.fr\/?post_type=product&#038;p=1087"},"modified":"2023-07-26T20:30:34","modified_gmt":"2023-07-26T18:30:34","slug":"vide-poche-feuille","status":"publish","type":"product","link":"https:\/\/mkm68creation.fr\/?product=vide-poche-feuille","title":{"rendered":"vide poche feuille"},"content":{"rendered":"<p>Vide poche<br \/>\nFait main en r\u00e9sine \u00e9poxy et min\u00e9ral selon mod\u00e8le<\/p>\n","protected":false},"excerpt":{"rendered":"<p>Vide poche Fait main en r\u00e9sine \u00e9poxy et min\u00e9ral selon mod\u00e8le<\/p>\n","protected":false},"featured_media":1099,"comment_status":"open","ping_status":"closed","template":"","meta":[],"product_cat":[26,57],"product_tag":[],"class_list":{"0":"post-1087","1":"product","2":"type-product","3":"status-publish","4":"has-post-thumbnail","6":"product_cat-decorations","7":"product_cat-vide-poche-decorations","9":"first","10":"instock","11":"shipping-taxable","12":"purchasable","13":"product-type-variable"},"jetpack_sharing_enabled":true,"_links":{"self":[{"href":"https:\/\/mkm68creation.fr\/index.php?rest_route=\/wp\/v2\/product\/1087","targetHints":{"allow":["GET"]}}],"collection":[{"href":"https:\/\/mkm68creation.fr\/index.php?rest_route=\/wp\/v2\/product"}],"about":[{"href":"https:\/\/mkm68creation.fr\/index.php?rest_route=\/wp\/v2\/types\/product"}],"replies":[{"embeddable":true,"href":"https:\/\/mkm68creation.fr\/index.php?rest_route=%2Fwp%2Fv2%2Fcomments&post=1087"}],"wp:featuredmedia":[{"embeddable":true,"href":"https:\/\/mkm68creation.fr\/index.php?rest_route=\/wp\/v2\/media\/1099"}],"wp:attachment":[{"href":"https:\/\/mkm68creation.fr\/index.php?rest_route=%2Fwp%2Fv2%2Fmedia&parent=1087"}],"wp:term":[{"taxonomy":"product_cat","embeddable":true,"href":"https:\/\/mkm68creation.fr\/index.php?rest_route=%2Fwp%2Fv2%2Fproduct_cat&post=1087"},{"taxonomy":"product_tag","embeddable":true,"href":"https:\/\/mkm68creation.fr\/index.php?rest_route=%2Fwp%2Fv2%2Fproduct_tag&post=1087"}],"curies":[{"name":"wp","href":"https:\/\/api.w.org\/{rel}","templated":true}]}}