{"id":913,"date":"2022-08-30T00:03:53","date_gmt":"2022-08-29T22:03:53","guid":{"rendered":"https:\/\/mkm68creation.fr\/?page_id=913"},"modified":"2022-08-30T00:03:53","modified_gmt":"2022-08-29T22:03:53","slug":"plateau","status":"publish","type":"page","link":"https:\/\/mkm68creation.fr\/?page_id=913","title":{"rendered":"Plateau"},"content":{"rendered":"<div data-block-name=\"woocommerce\/product-category\" data-categories=\"[50]\" class=\"wc-block-grid wp-block-product-category wc-block-product-category has-3-columns has-multiple-rows\"><ul class=\"wc-block-grid__products\"><li class=\"wc-block-grid__product\">\n\t\t\t\t<a href=\"https:\/\/mkm68creation.fr\/?product=plateau-tendre-poesie\" class=\"wc-block-grid__product-link\">\n\t\t\t\t\t\n\t\t\t\t\t<div class=\"wc-block-grid__product-image\"><img fetchpriority=\"high\" decoding=\"async\" width=\"324\" height=\"324\" src=\"https:\/\/mkm68creation.fr\/wp-content\/uploads\/2025\/06\/1000019909-324x324.jpg\" class=\"attachment-woocommerce_thumbnail size-woocommerce_thumbnail\" alt=\"plateau &quot;tendre po\u00e9sie&quot;\" srcset=\"https:\/\/mkm68creation.fr\/wp-content\/uploads\/2025\/06\/1000019909-324x324.jpg 324w, https:\/\/mkm68creation.fr\/wp-content\/uploads\/2025\/06\/1000019909-300x300.jpg 300w, https:\/\/mkm68creation.fr\/wp-content\/uploads\/2025\/06\/1000019909-1024x1024.jpg 1024w, https:\/\/mkm68creation.fr\/wp-content\/uploads\/2025\/06\/1000019909-150x150.jpg 150w, https:\/\/mkm68creation.fr\/wp-content\/uploads\/2025\/06\/1000019909-768x768.jpg 768w, https:\/\/mkm68creation.fr\/wp-content\/uploads\/2025\/06\/1000019909-1536x1536.jpg 1536w, https:\/\/mkm68creation.fr\/wp-content\/uploads\/2025\/06\/1000019909-2048x2048.jpg 2048w, https:\/\/mkm68creation.fr\/wp-content\/uploads\/2025\/06\/1000019909-416x416.jpg 416w, https:\/\/mkm68creation.fr\/wp-content\/uploads\/2025\/06\/1000019909-100x100.jpg 100w\" sizes=\"(max-width: 324px) 100vw, 324px\" \/><\/div>\n\t\t\t\t\t<div class=\"wc-block-grid__product-title\">plateau \u00ab\u00a0tendre po\u00e9sie\u00a0\u00bb<\/div>\n\t\t\t\t<\/a>\n\t\t\t\t<div class=\"wc-block-grid__product-price price\"><span class=\"woocommerce-Price-amount amount\">15,00&nbsp;<span class=\"woocommerce-Price-currencySymbol\">&euro;<\/span><\/span><\/div>\n\t\t\t\t\n\t\t\t\t<div class=\"wp-block-button wc-block-grid__product-add-to-cart\"><a href=\"https:\/\/mkm68creation.fr\/?product=plateau-tendre-poesie\" aria-label=\"Select options for &ldquo;plateau &quot;tendre po\u00e9sie&quot;&rdquo;\" data-quantity=\"1\" data-product_id=\"2177\" data-product_sku=\"\" data-price=\"15\" rel=\"nofollow\" class=\"wp-block-button__link  add_to_cart_button\">Select options<\/a><\/div>\n\t\t\t<\/li><li class=\"wc-block-grid__product\">\n\t\t\t\t<a href=\"https:\/\/mkm68creation.fr\/?product=plateau\" class=\"wc-block-grid__product-link\">\n\t\t\t\t\t\n\t\t\t\t\t<div class=\"wc-block-grid__product-image\"><img decoding=\"async\" width=\"324\" height=\"324\" src=\"https:\/\/mkm68creation.fr\/wp-content\/uploads\/2024\/05\/1000016975-1-324x324.jpg\" class=\"attachment-woocommerce_thumbnail size-woocommerce_thumbnail\" alt=\"Plateau\" srcset=\"https:\/\/mkm68creation.fr\/wp-content\/uploads\/2024\/05\/1000016975-1-324x324.jpg 324w, https:\/\/mkm68creation.fr\/wp-content\/uploads\/2024\/05\/1000016975-1-150x150.jpg 150w, https:\/\/mkm68creation.fr\/wp-content\/uploads\/2024\/05\/1000016975-1-100x100.jpg 100w\" sizes=\"(max-width: 324px) 100vw, 324px\" \/><\/div>\n\t\t\t\t\t<div class=\"wc-block-grid__product-title\">Plateau<\/div>\n\t\t\t\t<\/a>\n\t\t\t\t<div class=\"wc-block-grid__product-price price\"><span class=\"woocommerce-Price-amount amount\">20,00&nbsp;<span class=\"woocommerce-Price-currencySymbol\">&euro;<\/span><\/span><\/div>\n\t\t\t\t\n\t\t\t\t<div class=\"wp-block-button wc-block-grid__product-add-to-cart\"><a href=\"https:\/\/mkm68creation.fr\/?product=plateau\" aria-label=\"Select options for &ldquo;Plateau&rdquo;\" data-quantity=\"1\" data-product_id=\"1754\" data-product_sku=\"\" data-price=\"20\" rel=\"nofollow\" class=\"wp-block-button__link  add_to_cart_button\">Select options<\/a><\/div>\n\t\t\t<\/li><li class=\"wc-block-grid__product\">\n\t\t\t\t<a href=\"https:\/\/mkm68creation.fr\/?product=plateau-feuille-de-monstrera\" class=\"wc-block-grid__product-link\">\n\t\t\t\t\t\n\t\t\t\t\t<div class=\"wc-block-grid__product-image\"><img decoding=\"async\" width=\"324\" height=\"324\" src=\"https:\/\/mkm68creation.fr\/wp-content\/uploads\/2024\/03\/1000014985-324x324.jpg\" class=\"attachment-woocommerce_thumbnail size-woocommerce_thumbnail\" alt=\"plateau feuille de Monstrera\" srcset=\"https:\/\/mkm68creation.fr\/wp-content\/uploads\/2024\/03\/1000014985-324x324.jpg 324w, https:\/\/mkm68creation.fr\/wp-content\/uploads\/2024\/03\/1000014985-300x300.jpg 300w, https:\/\/mkm68creation.fr\/wp-content\/uploads\/2024\/03\/1000014985-1024x1024.jpg 1024w, https:\/\/mkm68creation.fr\/wp-content\/uploads\/2024\/03\/1000014985-150x150.jpg 150w, https:\/\/mkm68creation.fr\/wp-content\/uploads\/2024\/03\/1000014985-768x768.jpg 768w, https:\/\/mkm68creation.fr\/wp-content\/uploads\/2024\/03\/1000014985-1536x1536.jpg 1536w, https:\/\/mkm68creation.fr\/wp-content\/uploads\/2024\/03\/1000014985-416x416.jpg 416w, https:\/\/mkm68creation.fr\/wp-content\/uploads\/2024\/03\/1000014985-100x100.jpg 100w, https:\/\/mkm68creation.fr\/wp-content\/uploads\/2024\/03\/1000014985.jpg 1946w\" sizes=\"(max-width: 324px) 100vw, 324px\" \/><\/div>\n\t\t\t\t\t<div class=\"wc-block-grid__product-title\">plateau feuille de Monstrera<\/div>\n\t\t\t\t<\/a>\n\t\t\t\t<div class=\"wc-block-grid__product-price price\"><span class=\"woocommerce-Price-amount amount\">15,00&nbsp;<span class=\"woocommerce-Price-currencySymbol\">&euro;<\/span><\/span><\/div>\n\t\t\t\t\n\t\t\t\t<div class=\"wp-block-button wc-block-grid__product-add-to-cart\"><a href=\"?add-to-cart=1654\" aria-label=\"Add to cart: &ldquo;plateau feuille de Monstrera&rdquo;\" data-quantity=\"1\" data-product_id=\"1654\" data-product_sku=\"\" data-price=\"15\" rel=\"nofollow\" class=\"wp-block-button__link  add_to_cart_button ajax_add_to_cart\">Add to cart<\/a><\/div>\n\t\t\t<\/li><li class=\"wc-block-grid__product\">\n\t\t\t\t<a href=\"https:\/\/mkm68creation.fr\/?product=plateau-plume\" class=\"wc-block-grid__product-link\">\n\t\t\t\t\t\n\t\t\t\t\t<div class=\"wc-block-grid__product-image\"><img loading=\"lazy\" decoding=\"async\" width=\"324\" height=\"324\" src=\"https:\/\/mkm68creation.fr\/wp-content\/uploads\/2023\/07\/20230719_180632-324x324.jpg\" class=\"attachment-woocommerce_thumbnail size-woocommerce_thumbnail\" alt=\"Plateau plume\" srcset=\"https:\/\/mkm68creation.fr\/wp-content\/uploads\/2023\/07\/20230719_180632-324x324.jpg 324w, https:\/\/mkm68creation.fr\/wp-content\/uploads\/2023\/07\/20230719_180632-300x300.jpg 300w, https:\/\/mkm68creation.fr\/wp-content\/uploads\/2023\/07\/20230719_180632-1024x1024.jpg 1024w, https:\/\/mkm68creation.fr\/wp-content\/uploads\/2023\/07\/20230719_180632-150x150.jpg 150w, https:\/\/mkm68creation.fr\/wp-content\/uploads\/2023\/07\/20230719_180632-768x767.jpg 768w, https:\/\/mkm68creation.fr\/wp-content\/uploads\/2023\/07\/20230719_180632-1536x1534.jpg 1536w, https:\/\/mkm68creation.fr\/wp-content\/uploads\/2023\/07\/20230719_180632-416x416.jpg 416w, https:\/\/mkm68creation.fr\/wp-content\/uploads\/2023\/07\/20230719_180632-100x100.jpg 100w, https:\/\/mkm68creation.fr\/wp-content\/uploads\/2023\/07\/20230719_180632.jpg 1816w\" sizes=\"(max-width: 324px) 100vw, 324px\" \/><\/div>\n\t\t\t\t\t<div class=\"wc-block-grid__product-title\">Plateau plume<\/div>\n\t\t\t\t<\/a>\n\t\t\t\t<div class=\"wc-block-grid__product-price price\"><span class=\"woocommerce-Price-amount amount\">10,00&nbsp;<span class=\"woocommerce-Price-currencySymbol\">&euro;<\/span><\/span><\/div>\n\t\t\t\t\n\t\t\t\t<div class=\"wp-block-button wc-block-grid__product-add-to-cart\"><a href=\"https:\/\/mkm68creation.fr\/?product=plateau-plume\" aria-label=\"Select options for &ldquo;Plateau plume&rdquo;\" data-quantity=\"1\" data-product_id=\"1408\" data-product_sku=\"\" data-price=\"10\" rel=\"nofollow\" class=\"wp-block-button__link  add_to_cart_button\">Select options<\/a><\/div>\n\t\t\t<\/li><li class=\"wc-block-grid__product\">\n\t\t\t\t<a href=\"https:\/\/mkm68creation.fr\/?product=plateau-coeur-geometrique-dessous-de-verres\" class=\"wc-block-grid__product-link\">\n\t\t\t\t\t\n\t\t\t\t\t<div class=\"wc-block-grid__product-image\"><img loading=\"lazy\" decoding=\"async\" width=\"324\" height=\"324\" src=\"https:\/\/mkm68creation.fr\/wp-content\/uploads\/2023\/07\/20230719_181602-324x324.jpg\" class=\"attachment-woocommerce_thumbnail size-woocommerce_thumbnail\" alt=\"Plateau c\u0153ur g\u00e9om\u00e9trique + dessous de verres\" srcset=\"https:\/\/mkm68creation.fr\/wp-content\/uploads\/2023\/07\/20230719_181602-324x324.jpg 324w, https:\/\/mkm68creation.fr\/wp-content\/uploads\/2023\/07\/20230719_181602-300x300.jpg 300w, https:\/\/mkm68creation.fr\/wp-content\/uploads\/2023\/07\/20230719_181602-1024x1024.jpg 1024w, https:\/\/mkm68creation.fr\/wp-content\/uploads\/2023\/07\/20230719_181602-150x150.jpg 150w, https:\/\/mkm68creation.fr\/wp-content\/uploads\/2023\/07\/20230719_181602-768x767.jpg 768w, https:\/\/mkm68creation.fr\/wp-content\/uploads\/2023\/07\/20230719_181602-1536x1534.jpg 1536w, https:\/\/mkm68creation.fr\/wp-content\/uploads\/2023\/07\/20230719_181602-416x415.jpg 416w, https:\/\/mkm68creation.fr\/wp-content\/uploads\/2023\/07\/20230719_181602-100x100.jpg 100w, https:\/\/mkm68creation.fr\/wp-content\/uploads\/2023\/07\/20230719_181602.jpg 1602w\" sizes=\"(max-width: 324px) 100vw, 324px\" \/><\/div>\n\t\t\t\t\t<div class=\"wc-block-grid__product-title\">Plateau c\u0153ur g\u00e9om\u00e9trique + dessous de verres<\/div>\n\t\t\t\t<\/a>\n\t\t\t\t<div class=\"wc-block-grid__product-price price\"><span class=\"woocommerce-Price-amount amount\">38,00&nbsp;<span class=\"woocommerce-Price-currencySymbol\">&euro;<\/span><\/span><\/div>\n\t\t\t\t\n\t\t\t\t<div class=\"wp-block-button wc-block-grid__product-add-to-cart\"><a href=\"?add-to-cart=1395\" aria-label=\"Add to cart: &ldquo;Plateau c\u0153ur g\u00e9om\u00e9trique + dessous de verres&rdquo;\" data-quantity=\"1\" data-product_id=\"1395\" data-product_sku=\"\" data-price=\"38\" rel=\"nofollow\" class=\"wp-block-button__link  add_to_cart_button ajax_add_to_cart\">Add to cart<\/a><\/div>\n\t\t\t<\/li><\/ul><\/div>","protected":false},"excerpt":{"rendered":"","protected":false},"author":2,"featured_media":0,"parent":0,"menu_order":0,"comment_status":"closed","ping_status":"closed","template":"","meta":{"footnotes":""},"class_list":["post-913","page","type-page","status-publish","hentry"],"jetpack_sharing_enabled":true,"_links":{"self":[{"href":"https:\/\/mkm68creation.fr\/index.php?rest_route=\/wp\/v2\/pages\/913","targetHints":{"allow":["GET"]}}],"collection":[{"href":"https:\/\/mkm68creation.fr\/index.php?rest_route=\/wp\/v2\/pages"}],"about":[{"href":"https:\/\/mkm68creation.fr\/index.php?rest_route=\/wp\/v2\/types\/page"}],"author":[{"embeddable":true,"href":"https:\/\/mkm68creation.fr\/index.php?rest_route=\/wp\/v2\/users\/2"}],"replies":[{"embeddable":true,"href":"https:\/\/mkm68creation.fr\/index.php?rest_route=%2Fwp%2Fv2%2Fcomments&post=913"}],"version-history":[{"count":1,"href":"https:\/\/mkm68creation.fr\/index.php?rest_route=\/wp\/v2\/pages\/913\/revisions"}],"predecessor-version":[{"id":914,"href":"https:\/\/mkm68creation.fr\/index.php?rest_route=\/wp\/v2\/pages\/913\/revisions\/914"}],"wp:attachment":[{"href":"https:\/\/mkm68creation.fr\/index.php?rest_route=%2Fwp%2Fv2%2Fmedia&parent=913"}],"curies":[{"name":"wp","href":"https:\/\/api.w.org\/{rel}","templated":true}]}}