{"id":911,"date":"2022-08-30T00:03:33","date_gmt":"2022-08-29T22:03:33","guid":{"rendered":"https:\/\/mkm68creation.fr\/?page_id=911"},"modified":"2022-08-30T00:03:33","modified_gmt":"2022-08-29T22:03:33","slug":"dessous-de-verres","status":"publish","type":"page","link":"https:\/\/mkm68creation.fr\/?page_id=911","title":{"rendered":"Dessous de verres"},"content":{"rendered":"<div data-block-name=\"woocommerce\/product-category\" data-categories=\"[48]\" class=\"wc-block-grid wp-block-product-category wc-block-product-category has-3-columns has-multiple-rows\"><ul class=\"wc-block-grid__products\"><li class=\"wc-block-grid__product\">\n\t\t\t\t<a href=\"https:\/\/mkm68creation.fr\/?product=ensemble-dessous-de-verres\" class=\"wc-block-grid__product-link\">\n\t\t\t\t\t\n\t\t\t\t\t<div class=\"wc-block-grid__product-image\"><img fetchpriority=\"high\" decoding=\"async\" width=\"324\" height=\"324\" src=\"https:\/\/mkm68creation.fr\/wp-content\/uploads\/2025\/10\/1000024347-324x324.jpg\" class=\"attachment-woocommerce_thumbnail size-woocommerce_thumbnail\" alt=\"Ensemble dessous de verres\" srcset=\"https:\/\/mkm68creation.fr\/wp-content\/uploads\/2025\/10\/1000024347-324x324.jpg 324w, https:\/\/mkm68creation.fr\/wp-content\/uploads\/2025\/10\/1000024347-300x300.jpg 300w, https:\/\/mkm68creation.fr\/wp-content\/uploads\/2025\/10\/1000024347-1024x1024.jpg 1024w, https:\/\/mkm68creation.fr\/wp-content\/uploads\/2025\/10\/1000024347-150x150.jpg 150w, https:\/\/mkm68creation.fr\/wp-content\/uploads\/2025\/10\/1000024347-768x768.jpg 768w, https:\/\/mkm68creation.fr\/wp-content\/uploads\/2025\/10\/1000024347-1536x1536.jpg 1536w, https:\/\/mkm68creation.fr\/wp-content\/uploads\/2025\/10\/1000024347-2048x2048.jpg 2048w, https:\/\/mkm68creation.fr\/wp-content\/uploads\/2025\/10\/1000024347-416x416.jpg 416w, https:\/\/mkm68creation.fr\/wp-content\/uploads\/2025\/10\/1000024347-100x100.jpg 100w\" sizes=\"(max-width: 324px) 100vw, 324px\" \/><\/div>\n\t\t\t\t\t<div class=\"wc-block-grid__product-title\">Ensemble dessous de verres<\/div>\n\t\t\t\t<\/a>\n\t\t\t\t<div class=\"wc-block-grid__product-price price\"><span class=\"woocommerce-Price-amount amount\">25,00&nbsp;<span class=\"woocommerce-Price-currencySymbol\">&euro;<\/span><\/span><\/div>\n\t\t\t\t\n\t\t\t\t<div class=\"wp-block-button wc-block-grid__product-add-to-cart\"><a href=\"?add-to-cart=2305\" aria-label=\"Add to cart: &ldquo;Ensemble dessous de verres&rdquo;\" data-quantity=\"1\" data-product_id=\"2305\" data-product_sku=\"\" data-price=\"25\" rel=\"nofollow\" class=\"wp-block-button__link  add_to_cart_button ajax_add_to_cart\">Add to cart<\/a><\/div>\n\t\t\t<\/li><li class=\"wc-block-grid__product\">\n\t\t\t\t<a href=\"https:\/\/mkm68creation.fr\/?product=dessous-de-verre-feuilles-de-monstrera\" class=\"wc-block-grid__product-link\">\n\t\t\t\t\t\n\t\t\t\t\t<div class=\"wc-block-grid__product-image\"><img decoding=\"async\" width=\"324\" height=\"324\" src=\"https:\/\/mkm68creation.fr\/wp-content\/uploads\/2024\/03\/1000014983-324x324.jpg\" class=\"attachment-woocommerce_thumbnail size-woocommerce_thumbnail\" alt=\"dessous de verre feuilles de Monstrera\" srcset=\"https:\/\/mkm68creation.fr\/wp-content\/uploads\/2024\/03\/1000014983-324x324.jpg 324w, https:\/\/mkm68creation.fr\/wp-content\/uploads\/2024\/03\/1000014983-300x300.jpg 300w, https:\/\/mkm68creation.fr\/wp-content\/uploads\/2024\/03\/1000014983-1024x1024.jpg 1024w, https:\/\/mkm68creation.fr\/wp-content\/uploads\/2024\/03\/1000014983-150x150.jpg 150w, https:\/\/mkm68creation.fr\/wp-content\/uploads\/2024\/03\/1000014983-768x768.jpg 768w, https:\/\/mkm68creation.fr\/wp-content\/uploads\/2024\/03\/1000014983-1536x1536.jpg 1536w, https:\/\/mkm68creation.fr\/wp-content\/uploads\/2024\/03\/1000014983-2048x2048.jpg 2048w, https:\/\/mkm68creation.fr\/wp-content\/uploads\/2024\/03\/1000014983-416x416.jpg 416w, https:\/\/mkm68creation.fr\/wp-content\/uploads\/2024\/03\/1000014983-100x100.jpg 100w\" sizes=\"(max-width: 324px) 100vw, 324px\" \/><\/div>\n\t\t\t\t\t<div class=\"wc-block-grid__product-title\">dessous de verre feuilles de Monstrera<\/div>\n\t\t\t\t<\/a>\n\t\t\t\t<div class=\"wc-block-grid__product-price price\"><span class=\"woocommerce-Price-amount amount\">20,00&nbsp;<span class=\"woocommerce-Price-currencySymbol\">&euro;<\/span><\/span><\/div>\n\t\t\t\t\n\t\t\t\t<div class=\"wp-block-button wc-block-grid__product-add-to-cart\"><a href=\"?add-to-cart=1656\" aria-label=\"Add to cart: &ldquo;dessous de verre feuilles de Monstrera&rdquo;\" data-quantity=\"1\" data-product_id=\"1656\" data-product_sku=\"\" data-price=\"20\" rel=\"nofollow\" class=\"wp-block-button__link  add_to_cart_button ajax_add_to_cart\">Add to cart<\/a><\/div>\n\t\t\t<\/li><li class=\"wc-block-grid__product\">\n\t\t\t\t<a href=\"https:\/\/mkm68creation.fr\/?product=dessous-de-verres-coeur-geometrique\" class=\"wc-block-grid__product-link\">\n\t\t\t\t\t\n\t\t\t\t\t<div class=\"wc-block-grid__product-image\"><img decoding=\"async\" width=\"324\" height=\"324\" src=\"https:\/\/mkm68creation.fr\/wp-content\/uploads\/2023\/07\/20230719_175909-324x324.jpg\" class=\"attachment-woocommerce_thumbnail size-woocommerce_thumbnail\" alt=\"Dessous de verres c\u0153ur g\u00e9om\u00e9trique\" srcset=\"https:\/\/mkm68creation.fr\/wp-content\/uploads\/2023\/07\/20230719_175909-324x324.jpg 324w, https:\/\/mkm68creation.fr\/wp-content\/uploads\/2023\/07\/20230719_175909-300x300.jpg 300w, https:\/\/mkm68creation.fr\/wp-content\/uploads\/2023\/07\/20230719_175909-1024x1024.jpg 1024w, https:\/\/mkm68creation.fr\/wp-content\/uploads\/2023\/07\/20230719_175909-150x150.jpg 150w, https:\/\/mkm68creation.fr\/wp-content\/uploads\/2023\/07\/20230719_175909-768x768.jpg 768w, https:\/\/mkm68creation.fr\/wp-content\/uploads\/2023\/07\/20230719_175909-1536x1536.jpg 1536w, https:\/\/mkm68creation.fr\/wp-content\/uploads\/2023\/07\/20230719_175909-416x416.jpg 416w, https:\/\/mkm68creation.fr\/wp-content\/uploads\/2023\/07\/20230719_175909-100x100.jpg 100w, https:\/\/mkm68creation.fr\/wp-content\/uploads\/2023\/07\/20230719_175909.jpg 1814w\" sizes=\"(max-width: 324px) 100vw, 324px\" \/><\/div>\n\t\t\t\t\t<div class=\"wc-block-grid__product-title\">Dessous de verres c\u0153ur g\u00e9om\u00e9trique<\/div>\n\t\t\t\t<\/a>\n\t\t\t\t<div class=\"wc-block-grid__product-price price\"><span class=\"woocommerce-Price-amount amount\">15,00&nbsp;<span class=\"woocommerce-Price-currencySymbol\">&euro;<\/span><\/span><\/div>\n\t\t\t\t\n\t\t\t\t<div class=\"wp-block-button wc-block-grid__product-add-to-cart\"><a href=\"https:\/\/mkm68creation.fr\/?product=dessous-de-verres-coeur-geometrique\" aria-label=\"Select options for &ldquo;Dessous de verres c\u0153ur g\u00e9om\u00e9trique&rdquo;\" data-quantity=\"1\" data-product_id=\"1403\" data-product_sku=\"\" data-price=\"15\" rel=\"nofollow\" class=\"wp-block-button__link  add_to_cart_button\">Select options<\/a><\/div>\n\t\t\t<\/li><li class=\"wc-block-grid__product\">\n\t\t\t\t<a href=\"https:\/\/mkm68creation.fr\/?product=ensemble-dessous-de-verre-et-son-support\" class=\"wc-block-grid__product-link\">\n\t\t\t\t\t\n\t\t\t\t\t<div class=\"wc-block-grid__product-image\"><img loading=\"lazy\" decoding=\"async\" width=\"324\" height=\"324\" src=\"https:\/\/mkm68creation.fr\/wp-content\/uploads\/2023\/07\/20230719_175655-324x324.jpg\" class=\"attachment-woocommerce_thumbnail size-woocommerce_thumbnail\" alt=\"ensemble dessous de verre et son support\" srcset=\"https:\/\/mkm68creation.fr\/wp-content\/uploads\/2023\/07\/20230719_175655-324x324.jpg 324w, https:\/\/mkm68creation.fr\/wp-content\/uploads\/2023\/07\/20230719_175655-300x300.jpg 300w, https:\/\/mkm68creation.fr\/wp-content\/uploads\/2023\/07\/20230719_175655-1024x1024.jpg 1024w, https:\/\/mkm68creation.fr\/wp-content\/uploads\/2023\/07\/20230719_175655-150x150.jpg 150w, https:\/\/mkm68creation.fr\/wp-content\/uploads\/2023\/07\/20230719_175655-768x767.jpg 768w, https:\/\/mkm68creation.fr\/wp-content\/uploads\/2023\/07\/20230719_175655-416x415.jpg 416w, https:\/\/mkm68creation.fr\/wp-content\/uploads\/2023\/07\/20230719_175655-100x100.jpg 100w, https:\/\/mkm68creation.fr\/wp-content\/uploads\/2023\/07\/20230719_175655.jpg 1454w\" sizes=\"(max-width: 324px) 100vw, 324px\" \/><\/div>\n\t\t\t\t\t<div class=\"wc-block-grid__product-title\">ensemble dessous de verre et son support<\/div>\n\t\t\t\t<\/a>\n\t\t\t\t<div class=\"wc-block-grid__product-price price\"><span class=\"woocommerce-Price-amount amount\">23,00&nbsp;<span class=\"woocommerce-Price-currencySymbol\">&euro;<\/span><\/span><\/div>\n\t\t\t\t\n\t\t\t\t<div class=\"wp-block-button wc-block-grid__product-add-to-cart\"><a href=\"?add-to-cart=1375\" aria-label=\"Add to cart: &ldquo;ensemble dessous de verre et son support&rdquo;\" data-quantity=\"1\" data-product_id=\"1375\" data-product_sku=\"\" data-price=\"23\" rel=\"nofollow\" class=\"wp-block-button__link  add_to_cart_button ajax_add_to_cart\">Add to cart<\/a><\/div>\n\t\t\t<\/li><li class=\"wc-block-grid__product\">\n\t\t\t\t<a href=\"https:\/\/mkm68creation.fr\/?product=dessous-de-verres-ange-socle\" class=\"wc-block-grid__product-link\">\n\t\t\t\t\t\n\t\t\t\t\t<div class=\"wc-block-grid__product-image\"><img loading=\"lazy\" decoding=\"async\" width=\"324\" height=\"324\" src=\"https:\/\/mkm68creation.fr\/wp-content\/uploads\/2022\/10\/20221012_065722-324x324.jpg\" class=\"attachment-woocommerce_thumbnail size-woocommerce_thumbnail\" alt=\"dessous de verres ange + socle\" srcset=\"https:\/\/mkm68creation.fr\/wp-content\/uploads\/2022\/10\/20221012_065722-324x324.jpg 324w, https:\/\/mkm68creation.fr\/wp-content\/uploads\/2022\/10\/20221012_065722-300x300.jpg 300w, https:\/\/mkm68creation.fr\/wp-content\/uploads\/2022\/10\/20221012_065722-1024x1022.jpg 1024w, https:\/\/mkm68creation.fr\/wp-content\/uploads\/2022\/10\/20221012_065722-150x150.jpg 150w, https:\/\/mkm68creation.fr\/wp-content\/uploads\/2022\/10\/20221012_065722-768x767.jpg 768w, https:\/\/mkm68creation.fr\/wp-content\/uploads\/2022\/10\/20221012_065722-416x415.jpg 416w, https:\/\/mkm68creation.fr\/wp-content\/uploads\/2022\/10\/20221012_065722-100x100.jpg 100w, https:\/\/mkm68creation.fr\/wp-content\/uploads\/2022\/10\/20221012_065722.jpg 1233w\" sizes=\"(max-width: 324px) 100vw, 324px\" \/><\/div>\n\t\t\t\t\t<div class=\"wc-block-grid__product-title\">dessous de verres ange + socle<\/div>\n\t\t\t\t<\/a>\n\t\t\t\t<div class=\"wc-block-grid__product-price price\"><span class=\"woocommerce-Price-amount amount\">25,00&nbsp;<span class=\"woocommerce-Price-currencySymbol\">&euro;<\/span><\/span><\/div>\n\t\t\t\t\n\t\t\t\t<div class=\"wp-block-button wc-block-grid__product-add-to-cart\"><a href=\"?add-to-cart=1012\" aria-label=\"Add to cart: &ldquo;dessous de verres ange + socle&rdquo;\" data-quantity=\"1\" data-product_id=\"1012\" data-product_sku=\"\" data-price=\"25\" rel=\"nofollow\" class=\"wp-block-button__link  add_to_cart_button ajax_add_to_cart\">Add to cart<\/a><\/div>\n\t\t\t<\/li><li class=\"wc-block-grid__product\">\n\t\t\t\t<a href=\"https:\/\/mkm68creation.fr\/?product=dessous-de-verre\" class=\"wc-block-grid__product-link\">\n\t\t\t\t\t\n\t\t\t\t\t<div class=\"wc-block-grid__product-image\"><img loading=\"lazy\" decoding=\"async\" width=\"324\" height=\"324\" src=\"https:\/\/mkm68creation.fr\/wp-content\/uploads\/2022\/07\/20220728_210956-324x324.jpg\" class=\"attachment-woocommerce_thumbnail size-woocommerce_thumbnail\" alt=\"Dessous de verre\" srcset=\"https:\/\/mkm68creation.fr\/wp-content\/uploads\/2022\/07\/20220728_210956-324x324.jpg 324w, https:\/\/mkm68creation.fr\/wp-content\/uploads\/2022\/07\/20220728_210956-300x300.jpg 300w, https:\/\/mkm68creation.fr\/wp-content\/uploads\/2022\/07\/20220728_210956-150x150.jpg 150w, https:\/\/mkm68creation.fr\/wp-content\/uploads\/2022\/07\/20220728_210956-768x766.jpg 768w, https:\/\/mkm68creation.fr\/wp-content\/uploads\/2022\/07\/20220728_210956-416x415.jpg 416w, https:\/\/mkm68creation.fr\/wp-content\/uploads\/2022\/07\/20220728_210956-100x100.jpg 100w, https:\/\/mkm68creation.fr\/wp-content\/uploads\/2022\/07\/20220728_210956.jpg 1000w\" sizes=\"(max-width: 324px) 100vw, 324px\" \/><\/div>\n\t\t\t\t\t<div class=\"wc-block-grid__product-title\">Dessous de verre<\/div>\n\t\t\t\t<\/a>\n\t\t\t\t<div class=\"wc-block-grid__product-price price\"><span class=\"woocommerce-Price-amount amount\">5,00&nbsp;<span class=\"woocommerce-Price-currencySymbol\">&euro;<\/span><\/span><\/div>\n\t\t\t\t\n\t\t\t\t<div class=\"wp-block-button wc-block-grid__product-add-to-cart\"><a href=\"?add-to-cart=594\" aria-label=\"Add to cart: &ldquo;Dessous de verre&rdquo;\" data-quantity=\"1\" data-product_id=\"594\" data-product_sku=\"\" data-price=\"5\" rel=\"nofollow\" class=\"wp-block-button__link  add_to_cart_button ajax_add_to_cart\">Add to cart<\/a><\/div>\n\t\t\t<\/li><\/ul><\/div>","protected":false},"excerpt":{"rendered":"","protected":false},"author":2,"featured_media":0,"parent":0,"menu_order":0,"comment_status":"closed","ping_status":"closed","template":"","meta":{"footnotes":""},"class_list":["post-911","page","type-page","status-publish","hentry"],"jetpack_sharing_enabled":true,"_links":{"self":[{"href":"https:\/\/mkm68creation.fr\/index.php?rest_route=\/wp\/v2\/pages\/911","targetHints":{"allow":["GET"]}}],"collection":[{"href":"https:\/\/mkm68creation.fr\/index.php?rest_route=\/wp\/v2\/pages"}],"about":[{"href":"https:\/\/mkm68creation.fr\/index.php?rest_route=\/wp\/v2\/types\/page"}],"author":[{"embeddable":true,"href":"https:\/\/mkm68creation.fr\/index.php?rest_route=\/wp\/v2\/users\/2"}],"replies":[{"embeddable":true,"href":"https:\/\/mkm68creation.fr\/index.php?rest_route=%2Fwp%2Fv2%2Fcomments&post=911"}],"version-history":[{"count":1,"href":"https:\/\/mkm68creation.fr\/index.php?rest_route=\/wp\/v2\/pages\/911\/revisions"}],"predecessor-version":[{"id":912,"href":"https:\/\/mkm68creation.fr\/index.php?rest_route=\/wp\/v2\/pages\/911\/revisions\/912"}],"wp:attachment":[{"href":"https:\/\/mkm68creation.fr\/index.php?rest_route=%2Fwp%2Fv2%2Fmedia&parent=911"}],"curies":[{"name":"wp","href":"https:\/\/api.w.org\/{rel}","templated":true}]}}