{"id":907,"date":"2022-08-30T00:02:27","date_gmt":"2022-08-29T22:02:27","guid":{"rendered":"https:\/\/mkm68creation.fr\/?page_id=907"},"modified":"2022-08-30T00:24:43","modified_gmt":"2022-08-29T22:24:43","slug":"art-de-la-table","status":"publish","type":"page","link":"https:\/\/mkm68creation.fr\/?page_id=907","title":{"rendered":"Art de la table"},"content":{"rendered":"<div data-block-name=\"woocommerce\/product-category\" data-categories=\"[39]\" class=\"wc-block-grid wp-block-product-category wc-block-product-category has-3-columns has-multiple-rows\"><ul class=\"wc-block-grid__products\"><li class=\"wc-block-grid__product\">\n\t\t\t\t<a href=\"https:\/\/mkm68creation.fr\/?product=ensemble-dessous-de-verres\" class=\"wc-block-grid__product-link\">\n\t\t\t\t\t\n\t\t\t\t\t<div class=\"wc-block-grid__product-image\"><img fetchpriority=\"high\" decoding=\"async\" width=\"324\" height=\"324\" src=\"https:\/\/mkm68creation.fr\/wp-content\/uploads\/2025\/10\/1000024347-324x324.jpg\" class=\"attachment-woocommerce_thumbnail size-woocommerce_thumbnail\" alt=\"Ensemble dessous de verres\" srcset=\"https:\/\/mkm68creation.fr\/wp-content\/uploads\/2025\/10\/1000024347-324x324.jpg 324w, https:\/\/mkm68creation.fr\/wp-content\/uploads\/2025\/10\/1000024347-300x300.jpg 300w, https:\/\/mkm68creation.fr\/wp-content\/uploads\/2025\/10\/1000024347-1024x1024.jpg 1024w, https:\/\/mkm68creation.fr\/wp-content\/uploads\/2025\/10\/1000024347-150x150.jpg 150w, https:\/\/mkm68creation.fr\/wp-content\/uploads\/2025\/10\/1000024347-768x768.jpg 768w, https:\/\/mkm68creation.fr\/wp-content\/uploads\/2025\/10\/1000024347-1536x1536.jpg 1536w, https:\/\/mkm68creation.fr\/wp-content\/uploads\/2025\/10\/1000024347-2048x2048.jpg 2048w, https:\/\/mkm68creation.fr\/wp-content\/uploads\/2025\/10\/1000024347-416x416.jpg 416w, https:\/\/mkm68creation.fr\/wp-content\/uploads\/2025\/10\/1000024347-100x100.jpg 100w\" sizes=\"(max-width: 324px) 100vw, 324px\" \/><\/div>\n\t\t\t\t\t<div class=\"wc-block-grid__product-title\">Ensemble dessous de verres<\/div>\n\t\t\t\t<\/a>\n\t\t\t\t<div class=\"wc-block-grid__product-price price\"><span class=\"woocommerce-Price-amount amount\">25,00&nbsp;<span class=\"woocommerce-Price-currencySymbol\">&euro;<\/span><\/span><\/div>\n\t\t\t\t\n\t\t\t\t<div class=\"wp-block-button wc-block-grid__product-add-to-cart\"><a href=\"?add-to-cart=2305\" aria-label=\"Add to cart: &ldquo;Ensemble dessous de verres&rdquo;\" data-quantity=\"1\" data-product_id=\"2305\" data-product_sku=\"\" data-price=\"25\" rel=\"nofollow\" class=\"wp-block-button__link  add_to_cart_button ajax_add_to_cart\">Add to cart<\/a><\/div>\n\t\t\t<\/li><li class=\"wc-block-grid__product\">\n\t\t\t\t<a href=\"https:\/\/mkm68creation.fr\/?product=plateau-tendre-poesie\" class=\"wc-block-grid__product-link\">\n\t\t\t\t\t\n\t\t\t\t\t<div class=\"wc-block-grid__product-image\"><img decoding=\"async\" width=\"324\" height=\"324\" src=\"https:\/\/mkm68creation.fr\/wp-content\/uploads\/2025\/06\/1000019909-324x324.jpg\" class=\"attachment-woocommerce_thumbnail size-woocommerce_thumbnail\" alt=\"plateau &quot;tendre po\u00e9sie&quot;\" srcset=\"https:\/\/mkm68creation.fr\/wp-content\/uploads\/2025\/06\/1000019909-324x324.jpg 324w, https:\/\/mkm68creation.fr\/wp-content\/uploads\/2025\/06\/1000019909-300x300.jpg 300w, https:\/\/mkm68creation.fr\/wp-content\/uploads\/2025\/06\/1000019909-1024x1024.jpg 1024w, https:\/\/mkm68creation.fr\/wp-content\/uploads\/2025\/06\/1000019909-150x150.jpg 150w, https:\/\/mkm68creation.fr\/wp-content\/uploads\/2025\/06\/1000019909-768x768.jpg 768w, https:\/\/mkm68creation.fr\/wp-content\/uploads\/2025\/06\/1000019909-1536x1536.jpg 1536w, https:\/\/mkm68creation.fr\/wp-content\/uploads\/2025\/06\/1000019909-2048x2048.jpg 2048w, https:\/\/mkm68creation.fr\/wp-content\/uploads\/2025\/06\/1000019909-416x416.jpg 416w, https:\/\/mkm68creation.fr\/wp-content\/uploads\/2025\/06\/1000019909-100x100.jpg 100w\" sizes=\"(max-width: 324px) 100vw, 324px\" \/><\/div>\n\t\t\t\t\t<div class=\"wc-block-grid__product-title\">plateau \u00ab\u00a0tendre po\u00e9sie\u00a0\u00bb<\/div>\n\t\t\t\t<\/a>\n\t\t\t\t<div class=\"wc-block-grid__product-price price\"><span class=\"woocommerce-Price-amount amount\">15,00&nbsp;<span class=\"woocommerce-Price-currencySymbol\">&euro;<\/span><\/span><\/div>\n\t\t\t\t\n\t\t\t\t<div class=\"wp-block-button wc-block-grid__product-add-to-cart\"><a href=\"https:\/\/mkm68creation.fr\/?product=plateau-tendre-poesie\" aria-label=\"Select options for &ldquo;plateau &quot;tendre po\u00e9sie&quot;&rdquo;\" data-quantity=\"1\" data-product_id=\"2177\" data-product_sku=\"\" data-price=\"15\" rel=\"nofollow\" class=\"wp-block-button__link  add_to_cart_button\">Select options<\/a><\/div>\n\t\t\t<\/li><li class=\"wc-block-grid__product\">\n\t\t\t\t<a href=\"https:\/\/mkm68creation.fr\/?product=repose-couvert-eventails\" class=\"wc-block-grid__product-link\">\n\t\t\t\t\t\n\t\t\t\t\t<div class=\"wc-block-grid__product-image\"><img decoding=\"async\" width=\"324\" height=\"324\" src=\"https:\/\/mkm68creation.fr\/wp-content\/uploads\/2025\/06\/1000019475-324x324.jpg\" class=\"attachment-woocommerce_thumbnail size-woocommerce_thumbnail\" alt=\"repose couvert \u00e9ventails\" srcset=\"https:\/\/mkm68creation.fr\/wp-content\/uploads\/2025\/06\/1000019475-324x324.jpg 324w, https:\/\/mkm68creation.fr\/wp-content\/uploads\/2025\/06\/1000019475-300x300.jpg 300w, https:\/\/mkm68creation.fr\/wp-content\/uploads\/2025\/06\/1000019475-1024x1024.jpg 1024w, https:\/\/mkm68creation.fr\/wp-content\/uploads\/2025\/06\/1000019475-150x150.jpg 150w, https:\/\/mkm68creation.fr\/wp-content\/uploads\/2025\/06\/1000019475-768x768.jpg 768w, https:\/\/mkm68creation.fr\/wp-content\/uploads\/2025\/06\/1000019475-1536x1536.jpg 1536w, https:\/\/mkm68creation.fr\/wp-content\/uploads\/2025\/06\/1000019475-2048x2048.jpg 2048w, https:\/\/mkm68creation.fr\/wp-content\/uploads\/2025\/06\/1000019475-416x416.jpg 416w, https:\/\/mkm68creation.fr\/wp-content\/uploads\/2025\/06\/1000019475-100x100.jpg 100w\" sizes=\"(max-width: 324px) 100vw, 324px\" \/><\/div>\n\t\t\t\t\t<div class=\"wc-block-grid__product-title\">repose couvert \u00e9ventails<\/div>\n\t\t\t\t<\/a>\n\t\t\t\t<div class=\"wc-block-grid__product-price price\"><span class=\"woocommerce-Price-amount amount\">8,00&nbsp;<span class=\"woocommerce-Price-currencySymbol\">&euro;<\/span><\/span><\/div>\n\t\t\t\t\n\t\t\t\t<div class=\"wp-block-button wc-block-grid__product-add-to-cart\"><a href=\"https:\/\/mkm68creation.fr\/?product=repose-couvert-eventails\" aria-label=\"Select options for &ldquo;repose couvert \u00e9ventails&rdquo;\" data-quantity=\"1\" data-product_id=\"2147\" data-product_sku=\"\" data-price=\"8\" rel=\"nofollow\" class=\"wp-block-button__link  add_to_cart_button\">Select options<\/a><\/div>\n\t\t\t<\/li><li class=\"wc-block-grid__product\">\n\t\t\t\t<a href=\"https:\/\/mkm68creation.fr\/?product=plateau\" class=\"wc-block-grid__product-link\">\n\t\t\t\t\t\n\t\t\t\t\t<div class=\"wc-block-grid__product-image\"><img loading=\"lazy\" decoding=\"async\" width=\"324\" height=\"324\" src=\"https:\/\/mkm68creation.fr\/wp-content\/uploads\/2024\/05\/1000016975-1-324x324.jpg\" class=\"attachment-woocommerce_thumbnail size-woocommerce_thumbnail\" alt=\"Plateau\" srcset=\"https:\/\/mkm68creation.fr\/wp-content\/uploads\/2024\/05\/1000016975-1-324x324.jpg 324w, https:\/\/mkm68creation.fr\/wp-content\/uploads\/2024\/05\/1000016975-1-150x150.jpg 150w, https:\/\/mkm68creation.fr\/wp-content\/uploads\/2024\/05\/1000016975-1-100x100.jpg 100w\" sizes=\"(max-width: 324px) 100vw, 324px\" \/><\/div>\n\t\t\t\t\t<div class=\"wc-block-grid__product-title\">Plateau<\/div>\n\t\t\t\t<\/a>\n\t\t\t\t<div class=\"wc-block-grid__product-price price\"><span class=\"woocommerce-Price-amount amount\">20,00&nbsp;<span class=\"woocommerce-Price-currencySymbol\">&euro;<\/span><\/span><\/div>\n\t\t\t\t\n\t\t\t\t<div class=\"wp-block-button wc-block-grid__product-add-to-cart\"><a href=\"https:\/\/mkm68creation.fr\/?product=plateau\" aria-label=\"Select options for &ldquo;Plateau&rdquo;\" data-quantity=\"1\" data-product_id=\"1754\" data-product_sku=\"\" data-price=\"20\" rel=\"nofollow\" class=\"wp-block-button__link  add_to_cart_button\">Select options<\/a><\/div>\n\t\t\t<\/li><li class=\"wc-block-grid__product\">\n\t\t\t\t<a href=\"https:\/\/mkm68creation.fr\/?product=dessous-de-verre-feuilles-de-monstrera\" class=\"wc-block-grid__product-link\">\n\t\t\t\t\t\n\t\t\t\t\t<div class=\"wc-block-grid__product-image\"><img loading=\"lazy\" decoding=\"async\" width=\"324\" height=\"324\" src=\"https:\/\/mkm68creation.fr\/wp-content\/uploads\/2024\/03\/1000014983-324x324.jpg\" class=\"attachment-woocommerce_thumbnail size-woocommerce_thumbnail\" alt=\"dessous de verre feuilles de Monstrera\" srcset=\"https:\/\/mkm68creation.fr\/wp-content\/uploads\/2024\/03\/1000014983-324x324.jpg 324w, https:\/\/mkm68creation.fr\/wp-content\/uploads\/2024\/03\/1000014983-300x300.jpg 300w, https:\/\/mkm68creation.fr\/wp-content\/uploads\/2024\/03\/1000014983-1024x1024.jpg 1024w, https:\/\/mkm68creation.fr\/wp-content\/uploads\/2024\/03\/1000014983-150x150.jpg 150w, https:\/\/mkm68creation.fr\/wp-content\/uploads\/2024\/03\/1000014983-768x768.jpg 768w, https:\/\/mkm68creation.fr\/wp-content\/uploads\/2024\/03\/1000014983-1536x1536.jpg 1536w, https:\/\/mkm68creation.fr\/wp-content\/uploads\/2024\/03\/1000014983-2048x2048.jpg 2048w, https:\/\/mkm68creation.fr\/wp-content\/uploads\/2024\/03\/1000014983-416x416.jpg 416w, https:\/\/mkm68creation.fr\/wp-content\/uploads\/2024\/03\/1000014983-100x100.jpg 100w\" sizes=\"(max-width: 324px) 100vw, 324px\" \/><\/div>\n\t\t\t\t\t<div class=\"wc-block-grid__product-title\">dessous de verre feuilles de Monstrera<\/div>\n\t\t\t\t<\/a>\n\t\t\t\t<div class=\"wc-block-grid__product-price price\"><span class=\"woocommerce-Price-amount amount\">20,00&nbsp;<span class=\"woocommerce-Price-currencySymbol\">&euro;<\/span><\/span><\/div>\n\t\t\t\t\n\t\t\t\t<div class=\"wp-block-button wc-block-grid__product-add-to-cart\"><a href=\"?add-to-cart=1656\" aria-label=\"Add to cart: &ldquo;dessous de verre feuilles de Monstrera&rdquo;\" data-quantity=\"1\" data-product_id=\"1656\" data-product_sku=\"\" data-price=\"20\" rel=\"nofollow\" class=\"wp-block-button__link  add_to_cart_button ajax_add_to_cart\">Add to cart<\/a><\/div>\n\t\t\t<\/li><li class=\"wc-block-grid__product\">\n\t\t\t\t<a href=\"https:\/\/mkm68creation.fr\/?product=plateau-feuille-de-monstrera\" class=\"wc-block-grid__product-link\">\n\t\t\t\t\t\n\t\t\t\t\t<div class=\"wc-block-grid__product-image\"><img loading=\"lazy\" decoding=\"async\" width=\"324\" height=\"324\" src=\"https:\/\/mkm68creation.fr\/wp-content\/uploads\/2024\/03\/1000014985-324x324.jpg\" class=\"attachment-woocommerce_thumbnail size-woocommerce_thumbnail\" alt=\"plateau feuille de Monstrera\" srcset=\"https:\/\/mkm68creation.fr\/wp-content\/uploads\/2024\/03\/1000014985-324x324.jpg 324w, https:\/\/mkm68creation.fr\/wp-content\/uploads\/2024\/03\/1000014985-300x300.jpg 300w, https:\/\/mkm68creation.fr\/wp-content\/uploads\/2024\/03\/1000014985-1024x1024.jpg 1024w, https:\/\/mkm68creation.fr\/wp-content\/uploads\/2024\/03\/1000014985-150x150.jpg 150w, https:\/\/mkm68creation.fr\/wp-content\/uploads\/2024\/03\/1000014985-768x768.jpg 768w, https:\/\/mkm68creation.fr\/wp-content\/uploads\/2024\/03\/1000014985-1536x1536.jpg 1536w, https:\/\/mkm68creation.fr\/wp-content\/uploads\/2024\/03\/1000014985-416x416.jpg 416w, https:\/\/mkm68creation.fr\/wp-content\/uploads\/2024\/03\/1000014985-100x100.jpg 100w, https:\/\/mkm68creation.fr\/wp-content\/uploads\/2024\/03\/1000014985.jpg 1946w\" sizes=\"(max-width: 324px) 100vw, 324px\" \/><\/div>\n\t\t\t\t\t<div class=\"wc-block-grid__product-title\">plateau feuille de Monstrera<\/div>\n\t\t\t\t<\/a>\n\t\t\t\t<div class=\"wc-block-grid__product-price price\"><span class=\"woocommerce-Price-amount amount\">15,00&nbsp;<span class=\"woocommerce-Price-currencySymbol\">&euro;<\/span><\/span><\/div>\n\t\t\t\t\n\t\t\t\t<div class=\"wp-block-button wc-block-grid__product-add-to-cart\"><a href=\"?add-to-cart=1654\" aria-label=\"Add to cart: &ldquo;plateau feuille de Monstrera&rdquo;\" data-quantity=\"1\" data-product_id=\"1654\" data-product_sku=\"\" data-price=\"15\" rel=\"nofollow\" class=\"wp-block-button__link  add_to_cart_button ajax_add_to_cart\">Add to cart<\/a><\/div>\n\t\t\t<\/li><li class=\"wc-block-grid__product\">\n\t\t\t\t<a href=\"https:\/\/mkm68creation.fr\/?product=cendrier-carre\" class=\"wc-block-grid__product-link\">\n\t\t\t\t\t\n\t\t\t\t\t<div class=\"wc-block-grid__product-image\"><img loading=\"lazy\" decoding=\"async\" width=\"324\" height=\"324\" src=\"https:\/\/mkm68creation.fr\/wp-content\/uploads\/2023\/07\/20230309_154507-324x324.jpg\" class=\"attachment-woocommerce_thumbnail size-woocommerce_thumbnail\" alt=\"cendrier carr\u00e9\" srcset=\"https:\/\/mkm68creation.fr\/wp-content\/uploads\/2023\/07\/20230309_154507-324x324.jpg 324w, https:\/\/mkm68creation.fr\/wp-content\/uploads\/2023\/07\/20230309_154507-300x300.jpg 300w, https:\/\/mkm68creation.fr\/wp-content\/uploads\/2023\/07\/20230309_154507-1024x1024.jpg 1024w, https:\/\/mkm68creation.fr\/wp-content\/uploads\/2023\/07\/20230309_154507-150x150.jpg 150w, https:\/\/mkm68creation.fr\/wp-content\/uploads\/2023\/07\/20230309_154507-768x767.jpg 768w, https:\/\/mkm68creation.fr\/wp-content\/uploads\/2023\/07\/20230309_154507-1536x1534.jpg 1536w, https:\/\/mkm68creation.fr\/wp-content\/uploads\/2023\/07\/20230309_154507-416x415.jpg 416w, https:\/\/mkm68creation.fr\/wp-content\/uploads\/2023\/07\/20230309_154507-100x100.jpg 100w, https:\/\/mkm68creation.fr\/wp-content\/uploads\/2023\/07\/20230309_154507.jpg 1550w\" sizes=\"(max-width: 324px) 100vw, 324px\" \/><\/div>\n\t\t\t\t\t<div class=\"wc-block-grid__product-title\">cendrier carr\u00e9<\/div>\n\t\t\t\t<\/a>\n\t\t\t\t<div class=\"wc-block-grid__product-price price\"><span class=\"woocommerce-Price-amount amount\">10,00&nbsp;<span class=\"woocommerce-Price-currencySymbol\">&euro;<\/span><\/span><\/div>\n\t\t\t\t\n\t\t\t\t<div class=\"wp-block-button wc-block-grid__product-add-to-cart\"><a href=\"https:\/\/mkm68creation.fr\/?product=cendrier-carre\" aria-label=\"Select options for &ldquo;cendrier carr\u00e9&rdquo;\" data-quantity=\"1\" data-product_id=\"1468\" data-product_sku=\"\" data-price=\"10\" rel=\"nofollow\" class=\"wp-block-button__link  add_to_cart_button\">Select options<\/a><\/div>\n\t\t\t<\/li><li class=\"wc-block-grid__product\">\n\t\t\t\t<a href=\"https:\/\/mkm68creation.fr\/?product=plateau-plume\" class=\"wc-block-grid__product-link\">\n\t\t\t\t\t\n\t\t\t\t\t<div class=\"wc-block-grid__product-image\"><img loading=\"lazy\" decoding=\"async\" width=\"324\" height=\"324\" src=\"https:\/\/mkm68creation.fr\/wp-content\/uploads\/2023\/07\/20230719_180632-324x324.jpg\" class=\"attachment-woocommerce_thumbnail size-woocommerce_thumbnail\" alt=\"Plateau plume\" srcset=\"https:\/\/mkm68creation.fr\/wp-content\/uploads\/2023\/07\/20230719_180632-324x324.jpg 324w, https:\/\/mkm68creation.fr\/wp-content\/uploads\/2023\/07\/20230719_180632-300x300.jpg 300w, https:\/\/mkm68creation.fr\/wp-content\/uploads\/2023\/07\/20230719_180632-1024x1024.jpg 1024w, https:\/\/mkm68creation.fr\/wp-content\/uploads\/2023\/07\/20230719_180632-150x150.jpg 150w, https:\/\/mkm68creation.fr\/wp-content\/uploads\/2023\/07\/20230719_180632-768x767.jpg 768w, https:\/\/mkm68creation.fr\/wp-content\/uploads\/2023\/07\/20230719_180632-1536x1534.jpg 1536w, https:\/\/mkm68creation.fr\/wp-content\/uploads\/2023\/07\/20230719_180632-416x416.jpg 416w, https:\/\/mkm68creation.fr\/wp-content\/uploads\/2023\/07\/20230719_180632-100x100.jpg 100w, https:\/\/mkm68creation.fr\/wp-content\/uploads\/2023\/07\/20230719_180632.jpg 1816w\" sizes=\"(max-width: 324px) 100vw, 324px\" \/><\/div>\n\t\t\t\t\t<div class=\"wc-block-grid__product-title\">Plateau plume<\/div>\n\t\t\t\t<\/a>\n\t\t\t\t<div class=\"wc-block-grid__product-price price\"><span class=\"woocommerce-Price-amount amount\">10,00&nbsp;<span class=\"woocommerce-Price-currencySymbol\">&euro;<\/span><\/span><\/div>\n\t\t\t\t\n\t\t\t\t<div class=\"wp-block-button wc-block-grid__product-add-to-cart\"><a href=\"https:\/\/mkm68creation.fr\/?product=plateau-plume\" aria-label=\"Select options for &ldquo;Plateau plume&rdquo;\" data-quantity=\"1\" data-product_id=\"1408\" data-product_sku=\"\" data-price=\"10\" rel=\"nofollow\" class=\"wp-block-button__link  add_to_cart_button\">Select options<\/a><\/div>\n\t\t\t<\/li><li class=\"wc-block-grid__product\">\n\t\t\t\t<a href=\"https:\/\/mkm68creation.fr\/?product=dessous-de-verres-coeur-geometrique\" class=\"wc-block-grid__product-link\">\n\t\t\t\t\t\n\t\t\t\t\t<div class=\"wc-block-grid__product-image\"><img loading=\"lazy\" decoding=\"async\" width=\"324\" height=\"324\" src=\"https:\/\/mkm68creation.fr\/wp-content\/uploads\/2023\/07\/20230719_175909-324x324.jpg\" class=\"attachment-woocommerce_thumbnail size-woocommerce_thumbnail\" alt=\"Dessous de verres c\u0153ur g\u00e9om\u00e9trique\" srcset=\"https:\/\/mkm68creation.fr\/wp-content\/uploads\/2023\/07\/20230719_175909-324x324.jpg 324w, https:\/\/mkm68creation.fr\/wp-content\/uploads\/2023\/07\/20230719_175909-300x300.jpg 300w, https:\/\/mkm68creation.fr\/wp-content\/uploads\/2023\/07\/20230719_175909-1024x1024.jpg 1024w, https:\/\/mkm68creation.fr\/wp-content\/uploads\/2023\/07\/20230719_175909-150x150.jpg 150w, https:\/\/mkm68creation.fr\/wp-content\/uploads\/2023\/07\/20230719_175909-768x768.jpg 768w, https:\/\/mkm68creation.fr\/wp-content\/uploads\/2023\/07\/20230719_175909-1536x1536.jpg 1536w, https:\/\/mkm68creation.fr\/wp-content\/uploads\/2023\/07\/20230719_175909-416x416.jpg 416w, https:\/\/mkm68creation.fr\/wp-content\/uploads\/2023\/07\/20230719_175909-100x100.jpg 100w, https:\/\/mkm68creation.fr\/wp-content\/uploads\/2023\/07\/20230719_175909.jpg 1814w\" sizes=\"(max-width: 324px) 100vw, 324px\" \/><\/div>\n\t\t\t\t\t<div class=\"wc-block-grid__product-title\">Dessous de verres c\u0153ur g\u00e9om\u00e9trique<\/div>\n\t\t\t\t<\/a>\n\t\t\t\t<div class=\"wc-block-grid__product-price price\"><span class=\"woocommerce-Price-amount amount\">15,00&nbsp;<span class=\"woocommerce-Price-currencySymbol\">&euro;<\/span><\/span><\/div>\n\t\t\t\t\n\t\t\t\t<div class=\"wp-block-button wc-block-grid__product-add-to-cart\"><a href=\"https:\/\/mkm68creation.fr\/?product=dessous-de-verres-coeur-geometrique\" aria-label=\"Select options for &ldquo;Dessous de verres c\u0153ur g\u00e9om\u00e9trique&rdquo;\" data-quantity=\"1\" data-product_id=\"1403\" data-product_sku=\"\" data-price=\"15\" rel=\"nofollow\" class=\"wp-block-button__link  add_to_cart_button\">Select options<\/a><\/div>\n\t\t\t<\/li><\/ul><\/div>","protected":false},"excerpt":{"rendered":"","protected":false},"author":2,"featured_media":0,"parent":0,"menu_order":0,"comment_status":"closed","ping_status":"closed","template":"","meta":{"footnotes":""},"class_list":["post-907","page","type-page","status-publish","hentry"],"jetpack_sharing_enabled":true,"_links":{"self":[{"href":"https:\/\/mkm68creation.fr\/index.php?rest_route=\/wp\/v2\/pages\/907","targetHints":{"allow":["GET"]}}],"collection":[{"href":"https:\/\/mkm68creation.fr\/index.php?rest_route=\/wp\/v2\/pages"}],"about":[{"href":"https:\/\/mkm68creation.fr\/index.php?rest_route=\/wp\/v2\/types\/page"}],"author":[{"embeddable":true,"href":"https:\/\/mkm68creation.fr\/index.php?rest_route=\/wp\/v2\/users\/2"}],"replies":[{"embeddable":true,"href":"https:\/\/mkm68creation.fr\/index.php?rest_route=%2Fwp%2Fv2%2Fcomments&post=907"}],"version-history":[{"count":2,"href":"https:\/\/mkm68creation.fr\/index.php?rest_route=\/wp\/v2\/pages\/907\/revisions"}],"predecessor-version":[{"id":957,"href":"https:\/\/mkm68creation.fr\/index.php?rest_route=\/wp\/v2\/pages\/907\/revisions\/957"}],"wp:attachment":[{"href":"https:\/\/mkm68creation.fr\/index.php?rest_route=%2Fwp%2Fv2%2Fmedia&parent=907"}],"curies":[{"name":"wp","href":"https:\/\/api.w.org\/{rel}","templated":true}]}}