{"id":37,"date":"2022-04-22T23:30:54","date_gmt":"2022-04-22T21:30:54","guid":{"rendered":"https:\/\/mkm68creation.fr\/?page_id=37"},"modified":"2026-04-09T15:12:30","modified_gmt":"2026-04-09T13:12:30","slug":"accueil","status":"publish","type":"page","link":"https:\/\/mkm68creation.fr\/","title":{"rendered":""},"content":{"rendered":"<p><\/p><figure class=\"wp-block-image\"><img decoding=\"async\" src=\"https:\/\/mkm68creation.fr\/wp-content\/uploads\/2025\/06\/Carte-de-visite-beaute-aquarelle-rose_20250618_215933_0000-768x439.png\" alt=\"\"\/><\/figure><p><\/p><p>Je vous pr\u00e9sente mes cr\u00e9ations en r\u00e9sine \u00e9poxy et r\u00e9sine naturelle \u00e9galement toute cr\u00e9e \u00e0 la main, par mes soins et beaucoup de passion se qui fait de chaque pi\u00e8ce un mod\u00e8le unique et jamais exactement identiques. Vous pouvez trouver dans ma boutique veilleuses, art de la table, porte-cl\u00e9s, jeux, bijoux et bien d&rsquo;autres&#8230;<\/p><p>Elles sont&nbsp; toutes personnalisables h\u00e9sitez pas \u00e0 prendre contact via le formulaire ou directement par Messenger. En esp\u00e9rant que chacun y trouvera son petit bonheur. Je vous souhaite une bonne visite et \u00e0 tr\u00e8s vite&nbsp;&nbsp;<\/p><h2 class=\"wp-block-heading has-text-align-center\">NOUVEAUTE<\/h2><figure class=\"wp-block-gallery has-nested-images columns-default is-cropped wp-block-gallery-1 is-layout-flex wp-block-gallery-is-layout-flex\"><figure class=\"wp-block-image size-large is-style-rounded\"><a href=\"https:\/\/mkm68creation.fr\/?product=box-diy-ma-bulle-enchantee\"><img fetchpriority=\"high\" decoding=\"async\" width=\"1024\" height=\"1024\" data-id=\"2347\" src=\"https:\/\/mkm68creation.fr\/wp-content\/uploads\/2026\/04\/1000029589-1-1024x1024.jpg\" alt=\"\" class=\"wp-image-2347\" srcset=\"https:\/\/mkm68creation.fr\/wp-content\/uploads\/2026\/04\/1000029589-1-1024x1024.jpg 1024w, https:\/\/mkm68creation.fr\/wp-content\/uploads\/2026\/04\/1000029589-1-300x300.jpg 300w, https:\/\/mkm68creation.fr\/wp-content\/uploads\/2026\/04\/1000029589-1-150x150.jpg 150w\" sizes=\"(max-width: 1024px) 100vw, 1024px\" \/><\/a><\/figure><\/figure><figure class=\"wp-block-image\"><img decoding=\"async\" src=\"https:\/\/mkm68creation.fr\/wp-content\/uploads\/2024\/04\/Screenshot_20240212_111905_Photoroom-416x388.jpg\" alt=\"\"\/><\/figure><p><a href=\"https:\/\/mkm68creation.fr\/?product=centre-de-table-automnale\"><br><\/a><\/p>","protected":false},"excerpt":{"rendered":"<p>Je vous pr\u00e9sente mes cr\u00e9ations en r\u00e9sine \u00e9poxy et r\u00e9sine naturelle \u00e9galement toute cr\u00e9e \u00e0 la main, par mes soins et beaucoup de passion se qui fait de chaque pi\u00e8ce un mod\u00e8le unique et jamais exactement identiques. Vous pouvez trouver dans ma boutique veilleuses, art de la table, porte-cl\u00e9s, jeux, bijoux et bien d&rsquo;autres&#8230; Elles [&hellip;]<\/p>\n","protected":false},"author":1,"featured_media":0,"parent":0,"menu_order":0,"comment_status":"closed","ping_status":"closed","template":"","meta":{"footnotes":""},"class_list":["post-37","page","type-page","status-publish","hentry"],"jetpack_sharing_enabled":true,"_links":{"self":[{"href":"https:\/\/mkm68creation.fr\/index.php?rest_route=\/wp\/v2\/pages\/37","targetHints":{"allow":["GET"]}}],"collection":[{"href":"https:\/\/mkm68creation.fr\/index.php?rest_route=\/wp\/v2\/pages"}],"about":[{"href":"https:\/\/mkm68creation.fr\/index.php?rest_route=\/wp\/v2\/types\/page"}],"author":[{"embeddable":true,"href":"https:\/\/mkm68creation.fr\/index.php?rest_route=\/wp\/v2\/users\/1"}],"replies":[{"embeddable":true,"href":"https:\/\/mkm68creation.fr\/index.php?rest_route=%2Fwp%2Fv2%2Fcomments&post=37"}],"version-history":[{"count":196,"href":"https:\/\/mkm68creation.fr\/index.php?rest_route=\/wp\/v2\/pages\/37\/revisions"}],"predecessor-version":[{"id":2350,"href":"https:\/\/mkm68creation.fr\/index.php?rest_route=\/wp\/v2\/pages\/37\/revisions\/2350"}],"wp:attachment":[{"href":"https:\/\/mkm68creation.fr\/index.php?rest_route=%2Fwp%2Fv2%2Fmedia&parent=37"}],"curies":[{"name":"wp","href":"https:\/\/api.w.org\/{rel}","templated":true}]}}