{"id":137,"date":"2022-04-28T08:57:06","date_gmt":"2022-04-28T06:57:06","guid":{"rendered":"https:\/\/mkm68creation.fr\/?page_id=137"},"modified":"2022-04-28T08:58:22","modified_gmt":"2022-04-28T06:58:22","slug":"conditions-generales-de-ventes","status":"publish","type":"page","link":"https:\/\/mkm68creation.fr\/?page_id=137","title":{"rendered":"Cgv"},"content":{"rendered":"<p><\/p><p><strong>Conditions g\u00e9n\u00e9rales de vente<\/strong><\/p><p><strong>MkM68 cr\u00e9ation Soci\u00e9t\u00e9<\/strong><\/p><p>Auto-entrepreneur au capital de 0 euros<\/p><p><strong>Si\u00e8ge social<\/strong>: c2 rue de la Doller<\/p><p>&nbsp;68110 Illzach<\/p><p><strong>Num\u00e9ro de t\u00e9l\u00e9phone&nbsp;<\/strong>: 0623055524<\/p><p><strong>Adresse du courrier \u00e9lectronique:<\/strong>&nbsp;mkm68creation@gmail.com;<\/p><p><strong>Responsable de la publication:<\/strong>&nbsp;<\/p><p>Vanessa Grunenwald<\/p><p><strong>Conditions g\u00e9n\u00e9rales de vente des produits vendus sur Mkm68 cr\u00e9ation<\/strong><\/p><p>Date de derni\u00e8re mise \u00e0 jour 27 avril 2022<\/p><p><strong>Article 1 \u2013 Objet<\/strong><\/p><p>Les pr\u00e9sentes conditions r\u00e9gissent les ventes par la soci\u00e9t\u00e9 MkM68 cr\u00e9ation<\/p><p>C2 rue de la doller 68110 Illzach<\/p><p><strong>Article 2 \u2013 Prix<\/strong><\/p><p>Les prix de nos produits sont indiqu\u00e9s en euros toutes taxes comprises ,sauf indication contraire et hors frais de traitement et d\u2019exp\u00e9dition.<\/p><p><strong>Article 3 \u2013 Commandes<\/strong><\/p><p><strong>Vous pouvez passer commande sur le site<\/strong><\/p><p><strong>Internet <\/strong>:&nbsp;https:\/\/MkM68cr\u00e9ation.fr\/&nbsp;<\/p><p>Les informations contractuelles sont pr\u00e9sent\u00e9es en langue fran\u00e7aise et feront l\u2019objet d\u2019une confirmation au plus tard au moment de la validation de votre commande.<\/p><p>La soci\u00e9t\u00e9&nbsp;<strong>MkM68 cr\u00e9ation<\/strong>&nbsp;se r\u00e9serve le droit de ne pas enregistrer un paiement, et de ne pas confirmer une commande pour quelque raison que ce soit, et plus particuli\u00e8rement en cas de probl\u00e8me d\u2019approvisionnement, ou en cas de difficult\u00e9 concernant la commande re\u00e7ue.<\/p><p><strong>Article 4 \u2013 Validation de votre commande<\/strong><\/p><p>Toute commande figurant sur le site Internet&nbsp;https:\/\/<\/p><p>MkM68cr\u00e9ation.fr\/&nbsp;suppose l\u2019adh\u00e9sion aux pr\u00e9sentes Conditions G\u00e9n\u00e9rales. Toute confirmation de commande entra\u00eene votre adh\u00e9sion pleine et enti\u00e8re aux pr\u00e9sentes conditions g\u00e9n\u00e9rales de vente, sans exception ni r\u00e9serve.<\/p><p>L\u2019ensemble des donn\u00e9es fournies et la confirmation enregistr\u00e9e vaudront preuve de la transaction. Vous d\u00e9clarez en avoir parfaite connaissance. La confirmation de commande vaudra signature et acceptation des op\u00e9rations effectu\u00e9es.<\/p><p>Un r\u00e9capitulatif des informations de votre commande et des pr\u00e9sentes Conditions G\u00e9n\u00e9rales, vous sera communiqu\u00e9 en format PDF via l\u2019adresse e-mail de confirmation de votre commande.<\/p><p>&nbsp;<strong>Article 5 \u2013 Paiement<\/strong><\/p><p>Le fait de valider votre commande implique pour vous l\u2019obligation de payer le prix indiqu\u00e9. Le r\u00e8glement de vos achats s\u2019effectue par carte bancaire . Le d\u00e9bit de la carte est effectu\u00e9 au moment de la commande.<\/p><p><strong>Article 6 \u2013 R\u00e9tractation<\/strong><\/p><p>Conform\u00e9ment aux dispositions de l\u2019article L.121-21 du Code de la Consommation, vous disposez d\u2019un d\u00e9lai de r\u00e9tractation de 14 jours \u00e0 compter de la r\u00e9ception de vos produits pour exercer votre droit de r\u00e9traction sans avoir \u00e0 justifier de motifs ni \u00e0 payer de p\u00e9nalit\u00e9.<\/p><p>Les retours sont \u00e0 effectuer dans leur \u00e9tat<\/p><p>d\u2019origine et complets (emballage, accessoires, notice). Dans ce cadre, votre responsabilit\u00e9 est engag\u00e9e. Tout dommage subi par le produit \u00e0 cette occasion peut \u00eatre de nature \u00e0 faire \u00e9chec au droit de r\u00e9tractation. Les frais de retour sont Gratuits.<\/p><p>En cas d\u2019exercice du droit de r\u00e9tractation, la soci\u00e9t\u00e9&nbsp;<strong>MkM68cr\u00e9ation <\/strong>&nbsp;proc\u00e9dera au remboursement des sommes vers\u00e9es, dans un d\u00e9lai de 14 jours suivant la notification de votre demande et via le m\u00eame moyen de paiement que celui utilis\u00e9 lors de la commande.&nbsp;<\/p><p><strong>EXCEPTIONS AU DROIT DE RETRACTATION<\/strong>&nbsp;<\/p><p>Conform\u00e9ment aux dispositions de l\u2019article L.121-21-8 du Code de la Consommation,<\/p><p>le droit de r\u00e9tractation ne s\u2019applique pas \u00e0 :<\/p><ul class=\"wp-block-list\"><li>La fourniture de services pleinement ex\u00e9cut\u00e9s avant la fin du d\u00e9lai de r\u00e9tractation et dont l\u2019ex\u00e9cution a commenc\u00e9 apr\u00e8s accord pr\u00e9alable expr\u00e8s du consommateur et renoncement expr\u00e8s \u00e0 son droit de r\u00e9tractation.<\/li><\/ul><ul class=\"wp-block-list\"><li>La fourniture de biens ou de services dont le prix d\u00e9pend de fluctuations sur le march\u00e9 financier \u00e9chappant au contr\u00f4le du professionnel et susceptibles de se produire pendant le d\u00e9lai de r\u00e9tractation.<\/li><\/ul><ul class=\"wp-block-list\"><li>La fourniture de biens confectionn\u00e9s selon les sp\u00e9cifications du consommateur ou nettement personnalis\u00e9s.<\/li><\/ul><ul class=\"wp-block-list\"><li>La fourniture de biens susceptibles de se d\u00e9t\u00e9riorer ou de se p\u00e9rimer rapidement.<\/li><\/ul><ul class=\"wp-block-list\"><li>La fourniture de biens qui ont \u00e9t\u00e9 descell\u00e9s par le consommateur apr\u00e8s la livraison et qui ne peuvent \u00eatre renvoy\u00e9s pour des raisons d\u2019hygi\u00e8ne ou de protection de la sant\u00e9.<\/li><\/ul><ul class=\"wp-block-list\"><li>La fourniture de biens qui, apr\u00e8s avoir \u00e9t\u00e9 livr\u00e9s et de par leur nature, sont m\u00e9lang\u00e9s de mani\u00e8re indissociable avec d\u2019autres articles ;<\/li><\/ul><ul class=\"wp-block-list\"><li>La fourniture de boissons alcoolis\u00e9es dont la livraison est diff\u00e9r\u00e9e au-del\u00e0 de trente jours et dont la valeur convenue \u00e0 la conclusion du contrat d\u00e9pend de fluctuations sur le march\u00e9 \u00e9chappant<\/li><\/ul><p>au contr\u00f4le du professionnel.<\/p><ul class=\"wp-block-list\"><li>La fourniture d\u2019enregistrements audio ou vid\u00e9o ou de logiciels informatiques lorsqu\u2019ils ont \u00e9t\u00e9 descell\u00e9s par le consommateur apr\u00e8s la livraison.<\/li><\/ul><ul class=\"wp-block-list\"><li>La fourniture d\u2019un journal, d\u2019un p\u00e9riodique ou d\u2019un magazine, sauf pour les contrats d\u2019abonnement \u00e0 ces publications. Les transactions conclues lors d\u2019une ench\u00e8re publique.<\/li><\/ul><ul class=\"wp-block-list\"><li>La fourniture d\u2019un contenu num\u00e9rique non fourni sur un support mat\u00e9riel dont l\u2019ex\u00e9cution a commenc\u00e9 apr\u00e8s accord pr\u00e9alable expr\u00e8s du consommateur et renoncement expr\u00e8s \u00e0 son droit de r\u00e9tractation.<\/li><\/ul><ul class=\"wp-block-list\"><li>Les produits personnalis\u00e9s.<\/li><\/ul><p><strong>Article 7- Disponibilit\u00e9<\/strong><\/p><p>Nos produits sont propos\u00e9s tant qu\u2019ils sont visibles sur le site&nbsp;https:\/\/MkM68cr\u00e9ation.fr\/&nbsp;et dans la limite des stocks disponibles. En cas d\u2019indisponibilit\u00e9 de produit apr\u00e8s passation de votre commande, nous vous en informerons par mail. Votre commande sera automatiquement annul\u00e9e et aucun d\u00e9bit bancaire ne sera effectu\u00e9.<\/p><p>En outre, le site Internet&nbsp;https:\/\/MkM68cr\u00e9ation.fr\/&nbsp;n\u2019a pas vocation \u00e0 vendre ses produits en quantit\u00e9s importantes. Par cons\u00e9quent la soci\u00e9t\u00e9&nbsp;<strong>MkM68cr\u00e9ation <\/strong>&nbsp;se r\u00e9serve le droit de refuser les commandes de articles identiques.<\/p><p><strong>Article 8 \u2013 Livraison<\/strong><\/p><p>Les produits sont livr\u00e9s \u00e0 l\u2019adresse de livraison indiqu\u00e9e au cours du processus de commande, dans le d\u00e9lai indiqu\u00e9 sur la page de validation de la commande.<\/p><p>Les commandes sont g\u00e9n\u00e9ralement exp\u00e9di\u00e9es dans un d\u00e9lais de 3 \u00e0 4 jours ouvr\u00e9s. Hormis les commandes personnalis\u00e9 et les pr\u00e9commande pour les bijoux, les d\u00e9lais vous sont communiquer au moment de la validation du projet.<\/p><p>En cas de retard d\u2019exp\u00e9dition, un mail vous sera adress\u00e9 pour vous informer d\u2019une \u00e9ventuelle cons\u00e9quence sur le d\u00e9lai de livraison qui vous a \u00e9t\u00e9 indiqu\u00e9. Conform\u00e9ment aux dispositions l\u00e9gales, en cas de retard de livraison, vous<\/p><p>b\u00e9n\u00e9ficiez de la possibilit\u00e9 d\u2019annuler la commande dans les conditions et modalit\u00e9s d\u00e9finies \u00e0 l\u2019article L 138-2 du Code de la Consommation.<\/p><p>Si entre temps vous recevez le produit nous proc\u00e9derons \u00e0 son remboursement et aux frais d\u2019acheminement dans les conditions de l\u2019article L 138-3 du Code de la Consommation.<\/p><p>En cas de livraisons par un transporteur, la soci\u00e9t\u00e9&nbsp;<strong>MkM68cr\u00e9ation<\/strong>&nbsp;ne peut \u00eatre tenue pour responsable de retard de livraison d\u00fb exclusivement \u00e0 une indisponibilit\u00e9 du client apr\u00e8s plusieurs propositions de rendez-vous.<\/p><p><strong>Article 9 \u2013 Garantie\/S.A.V<\/strong><\/p><p>Tous nos produits b\u00e9n\u00e9ficient de la garantie l\u00e9gale de conformit\u00e9 et de la garantie des vices cach\u00e9s, pr\u00e9vues par les articles 1641 et suivants du Code civil. En cas de non-conformit\u00e9 d\u2019un produit vendu, il pourra \u00eatre retourn\u00e9, \u00e9chang\u00e9 ou rembours\u00e9.<\/p><p>Toutes les r\u00e9clamations, demandes d\u2019\u00e9change ou de remboursement doivent s\u2019effectuer par Mail dans le d\u00e9lai de 14 jours de la livraison. Les produits doivent nous \u00eatre retourn\u00e9s dans l\u2019\u00e9tat dans lequel vous les avez re\u00e7us avec l\u2019ensemble des \u00e9l\u00e9ments (accessoires, emballage, notice\u2026).<\/p><p>Les frais d\u2019envoi vous seront rembours\u00e9s sur la base du tarif factur\u00e9 et les frais de retour vous seront rembours\u00e9s sur<\/p><p>pr\u00e9sentation des justificatifs.<\/p><p>Les dispositions de cet Article ne vous emp\u00eachent pas de b\u00e9n\u00e9ficier du droit de r\u00e9tractation pr\u00e9vu \u00e0 l\u2019article 6.<\/p><p><strong>Article 10 \u2013 Responsabilit\u00e9<\/strong><\/p><p>Les produits propos\u00e9s sont conformes \u00e0 la l\u00e9gislation fran\u00e7aise en vigueur.<\/p><p>La soci\u00e9t\u00e9&nbsp;<strong>MkM68cr\u00e9ation <\/strong>&nbsp;ne saurait \u00eatre tenue pour responsable des dommages r\u00e9sultant d\u2019une mauvaise utilisation du produit achet\u00e9.<\/p><p>Enfin la responsabilit\u00e9 de la soci\u00e9t\u00e9&nbsp;<strong>MkM68cr\u00e9ation<\/strong>&nbsp;ne saurait \u00eatre engag\u00e9e pour tous les inconv\u00e9nients ou dommages inh\u00e9rents \u00e0 l\u2019utilisation du r\u00e9seau Internet, notamment une rupture de<\/p><p>service, une intrusion ext\u00e9rieure ou la pr\u00e9sence de virus informatiques.<\/p><p><strong>Article 11 \u2013 Propri\u00e9t\u00e9 intellectuelle<\/strong><\/p><p>Tous les \u00e9l\u00e9ments du site&nbsp;https:\/\/MkM68cr\u00e9ation.fr\/&nbsp;sont et restent la propri\u00e9t\u00e9 intellectuelle et exclusive de la soci\u00e9t\u00e9&nbsp;<strong>MkM68cr\u00e9ation<\/strong>. Nul n\u2019est autoris\u00e9 \u00e0 reproduire, exploiter, rediffuser, ou utiliser<\/p><p>\u00e0 quelque titre que ce soit, m\u00eame partiellement, des \u00e9l\u00e9ments du site qu\u2019ils soient logiciels, visuels ou sonores. Tout lien simple ou par hypertexte est strictement interdit sans un accord \u00e9crit expr\u00e8s de la soci\u00e9t\u00e9&nbsp;<strong>MkM68cr\u00e9ation<\/strong>.<\/p><p><strong>Article 12 \u2013 Donn\u00e9es personnelles<\/strong><\/p><p>La soci\u00e9t\u00e9&nbsp;<strong>MkM68cr\u00e9ation<\/strong>&nbsp;se r\u00e9serve le droit de collecter les informations nominatives et les donn\u00e9es personnelles vous concernant. Elles sont n\u00e9cessaires \u00e0 la gestion de votre commande, ainsi qu\u2019\u00e0 l\u2019am\u00e9lioration des services et des informations que nous vous adressons. Elles peuvent aussi \u00eatre transmises aux soci\u00e9t\u00e9s qui contribuent \u00e0 ces relations, telles que celles charg\u00e9es de l\u2019ex\u00e9cution des services et commandes pour<\/p><p>leur gestion, ex\u00e9cution, traitement et paiement.<\/p><p>Ces informations et donn\u00e9es sont \u00e9galement conserv\u00e9es \u00e0 des fins de s\u00e9curit\u00e9, afin de respecter les obligations l\u00e9gales et r\u00e9glementaires. Conform\u00e9ment \u00e0 la loi du 6 janvier 1978, vous disposez d\u2019un droit d\u2019acc\u00e8s, de rectification et d\u2019opposition aux informations nominatives et aux donn\u00e9es personnelles vous concernant, directement sur le<\/p><p>site Internet.<\/p><p><strong>Article 13 \u2013 Archivage Preuve<\/strong><\/p><p>La soci\u00e9t\u00e9&nbsp;<strong>MkM68cr\u00e9ation <\/strong>archivera les bons de commandes et les factures sur un support fiable et durable constituant une copie fid\u00e8le conform\u00e9ment aux dispositions de l\u2019article 1348 du Code civil. Les registres informatis\u00e9s de la<\/p><p>soci\u00e9t\u00e9&nbsp;<strong>MkM68cr\u00e9ation<\/strong>&nbsp;seront consid\u00e9r\u00e9s par toutes les parties concern\u00e9es comme preuve des communications, commandes, paiements et transactions intervenus entre les parties.<\/p><p><\/p>","protected":false},"excerpt":{"rendered":"<p>Conditions g\u00e9n\u00e9rales de vente MkM68 cr\u00e9ation Soci\u00e9t\u00e9 Auto-entrepreneur au capital de 0 euros Si\u00e8ge social: c2 rue de la Doller &nbsp;68110 Illzach Num\u00e9ro de t\u00e9l\u00e9phone&nbsp;: 0623055524 Adresse du courrier \u00e9lectronique:&nbsp;mkm68creation@gmail.com; Responsable de la publication:&nbsp; Vanessa Grunenwald Conditions g\u00e9n\u00e9rales de vente des produits vendus sur Mkm68 cr\u00e9ation Date de derni\u00e8re mise \u00e0 jour 27 avril 2022 [&hellip;]<\/p>\n","protected":false},"author":1,"featured_media":0,"parent":0,"menu_order":0,"comment_status":"closed","ping_status":"closed","template":"","meta":{"footnotes":""},"class_list":["post-137","page","type-page","status-publish","hentry"],"jetpack_sharing_enabled":true,"_links":{"self":[{"href":"https:\/\/mkm68creation.fr\/index.php?rest_route=\/wp\/v2\/pages\/137","targetHints":{"allow":["GET"]}}],"collection":[{"href":"https:\/\/mkm68creation.fr\/index.php?rest_route=\/wp\/v2\/pages"}],"about":[{"href":"https:\/\/mkm68creation.fr\/index.php?rest_route=\/wp\/v2\/types\/page"}],"author":[{"embeddable":true,"href":"https:\/\/mkm68creation.fr\/index.php?rest_route=\/wp\/v2\/users\/1"}],"replies":[{"embeddable":true,"href":"https:\/\/mkm68creation.fr\/index.php?rest_route=%2Fwp%2Fv2%2Fcomments&post=137"}],"version-history":[{"count":2,"href":"https:\/\/mkm68creation.fr\/index.php?rest_route=\/wp\/v2\/pages\/137\/revisions"}],"predecessor-version":[{"id":140,"href":"https:\/\/mkm68creation.fr\/index.php?rest_route=\/wp\/v2\/pages\/137\/revisions\/140"}],"wp:attachment":[{"href":"https:\/\/mkm68creation.fr\/index.php?rest_route=%2Fwp%2Fv2%2Fmedia&parent=137"}],"curies":[{"name":"wp","href":"https:\/\/api.w.org\/{rel}","templated":true}]}}