{"id":124,"date":"2022-04-25T22:46:24","date_gmt":"2022-04-25T20:46:24","guid":{"rendered":"https:\/\/mkm68creation.fr\/?page_id=124"},"modified":"2022-04-25T22:52:40","modified_gmt":"2022-04-25T20:52:40","slug":"elementor-124","status":"publish","type":"page","link":"https:\/\/mkm68creation.fr\/?page_id=124","title":{"rendered":"Conseils d&rsquo;entretien"},"content":{"rendered":"\t\t<div data-elementor-type=\"wp-page\" data-elementor-id=\"124\" class=\"elementor elementor-124\">\n\t\t\t\t\t\t<section class=\"elementor-section elementor-top-section elementor-element elementor-element-4098a3a elementor-section-boxed elementor-section-height-default elementor-section-height-default\" data-id=\"4098a3a\" data-element_type=\"section\">\n\t\t\t\t\t\t<div class=\"elementor-container elementor-column-gap-default\">\n\t\t\t\t\t<div class=\"elementor-column elementor-col-100 elementor-top-column elementor-element elementor-element-5c2d34b\" data-id=\"5c2d34b\" data-element_type=\"column\">\n\t\t\t<div class=\"elementor-widget-wrap elementor-element-populated\">\n\t\t\t\t\t\t<div class=\"elementor-element elementor-element-90cdc71 elementor-widget elementor-widget-text-editor\" data-id=\"90cdc71\" data-element_type=\"widget\" data-widget_type=\"text-editor.default\">\n\t\t\t\t<div class=\"elementor-widget-container\">\n\t\t\t\t\t\t\t<p>Essuyez votre cr\u00e9ation avec un tissu en microfibre. Si toutefois une tache persiste, vous pouvez utiliser une lingette humide ou liquide vaiselle doux et eau ti\u00e8de, puis s\u00e9cher avec un chiffon microfibre.&nbsp;<\/p>\n<p>*Ne pas mettre au lave-vaisselle.&nbsp;<\/p>\n<p>*Ne pas frotter avec une \u00e9ponge au risque d\u2019abimer votre produit.&nbsp;<\/p>\n<p>*Ne pas exposer a de fortes chaleurs.&nbsp;<\/p>\n<p>*Ne pas utilis\u00e9 d ac\u00e9tone ou d alcool (<span style=\"color: var( --e-global-color-text );\">parfums)&nbsp;<\/span><\/p><p><span style=\"color: var( --e-global-color-text );\">*\u00c9viter de porter les bijoux sous la douche ou \u00e0 la piscine Les cr\u00e9ations sont faites \u00e0 base de r\u00e9sine, elles sont d\u2019une apparence (verre) qui les rend solide.<\/span><\/p><p> Les objets en r\u00e9sine epoxy ne passe pas au lave-vaisselle, micro onde et au four.&nbsp;<\/p><p>Il faut les nettoyer avec un chiffon humide.&nbsp;<\/p><p>Les objets r\u00e9siste jusqu\u2019\u00e0 une chaleur de 70 degr\u00e9s. <span><br><\/span><\/p>\t\t\t\t\t\t<\/div>\n\t\t\t\t<\/div>\n\t\t\t\t\t<\/div>\n\t\t<\/div>\n\t\t\t\t\t<\/div>\n\t\t<\/section>\n\t\t\t\t<\/div>\n\t\t","protected":false},"excerpt":{"rendered":"<p>Essuyez votre cr\u00e9ation avec un tissu en microfibre. Si toutefois une tache persiste, vous pouvez utiliser une lingette humide ou liquide vaiselle doux et eau ti\u00e8de, puis s\u00e9cher avec un chiffon microfibre.&nbsp; *Ne pas mettre au lave-vaisselle.&nbsp; *Ne pas frotter avec une \u00e9ponge au risque d\u2019abimer votre produit.&nbsp; *Ne pas exposer a de fortes chaleurs.&nbsp; [&hellip;]<\/p>\n","protected":false},"author":1,"featured_media":0,"parent":0,"menu_order":0,"comment_status":"closed","ping_status":"closed","template":"","meta":{"footnotes":""},"class_list":["post-124","page","type-page","status-publish","hentry"],"jetpack_sharing_enabled":true,"_links":{"self":[{"href":"https:\/\/mkm68creation.fr\/index.php?rest_route=\/wp\/v2\/pages\/124","targetHints":{"allow":["GET"]}}],"collection":[{"href":"https:\/\/mkm68creation.fr\/index.php?rest_route=\/wp\/v2\/pages"}],"about":[{"href":"https:\/\/mkm68creation.fr\/index.php?rest_route=\/wp\/v2\/types\/page"}],"author":[{"embeddable":true,"href":"https:\/\/mkm68creation.fr\/index.php?rest_route=\/wp\/v2\/users\/1"}],"replies":[{"embeddable":true,"href":"https:\/\/mkm68creation.fr\/index.php?rest_route=%2Fwp%2Fv2%2Fcomments&post=124"}],"version-history":[{"count":11,"href":"https:\/\/mkm68creation.fr\/index.php?rest_route=\/wp\/v2\/pages\/124\/revisions"}],"predecessor-version":[{"id":136,"href":"https:\/\/mkm68creation.fr\/index.php?rest_route=\/wp\/v2\/pages\/124\/revisions\/136"}],"wp:attachment":[{"href":"https:\/\/mkm68creation.fr\/index.php?rest_route=%2Fwp%2Fv2%2Fmedia&parent=124"}],"curies":[{"name":"wp","href":"https:\/\/api.w.org\/{rel}","templated":true}]}}